{"id":2036,"date":"2023-11-26T18:04:58","date_gmt":"2023-11-26T17:04:58","guid":{"rendered":"https:\/\/www.knitforyou.se\/?page_id=2036"},"modified":"2024-09-12T09:41:34","modified_gmt":"2024-09-12T08:41:34","slug":"tvattinstruktioner","status":"publish","type":"page","link":"https:\/\/knit4u.se\/sv_se\/tvattinstruktioner\/","title":{"rendered":"Tv\u00e4ttinstruktioner"},"content":{"rendered":"\t\t<div data-elementor-type=\"wp-page\" data-elementor-id=\"2036\" class=\"elementor elementor-2036\">\n\t\t\t\t<div class=\"elementor-element elementor-element-a265245 e-flex e-con-boxed e-con e-parent\" data-id=\"a265245\" data-element_type=\"container\" data-e-type=\"container\">\n\t\t\t\t\t<div class=\"e-con-inner\">\n\t\t<div class=\"elementor-element elementor-element-bab947e e-con-full e-flex e-con e-child\" data-id=\"bab947e\" data-element_type=\"container\" data-e-type=\"container\">\n\t\t\t\t<div class=\"elementor-element elementor-element-4b71a364 elementor-widget elementor-widget-heading\" data-id=\"4b71a364\" data-element_type=\"widget\" data-e-type=\"widget\" data-widget_type=\"heading.default\">\n\t\t\t\t\t<h6 class=\"elementor-heading-title elementor-size-default\">HANDSTICKAT<\/h6>\t\t\t\t<\/div>\n\t\t\t\t<div class=\"elementor-element elementor-element-522401db elementor-widget elementor-widget-heading\" data-id=\"522401db\" data-element_type=\"widget\" data-e-type=\"widget\" data-widget_type=\"heading.default\">\n\t\t\t\t\t<h2 class=\"elementor-heading-title elementor-size-default\">SK\u00d6TSELR\u00c5D<\/h2>\t\t\t\t<\/div>\n\t\t\t\t<div class=\"elementor-element elementor-element-24a36035 elementor-widget-divider--view-line elementor-widget elementor-widget-divider\" data-id=\"24a36035\" data-element_type=\"widget\" data-e-type=\"widget\" data-widget_type=\"divider.default\">\n\t\t\t\t\t\t\t<div class=\"elementor-divider\">\n\t\t\t<span class=\"elementor-divider-separator\">\n\t\t\t\t\t\t<\/span>\n\t\t<\/div>\n\t\t\t\t\t\t<\/div>\n\t\t\t\t<div class=\"elementor-element elementor-element-62eacdb6 elementor-widget__width-initial elementor-widget elementor-widget-text-editor\" data-id=\"62eacdb6\" data-element_type=\"widget\" data-e-type=\"widget\" data-widget_type=\"text-editor.default\">\n\t\t\t\t\t\t\t\t\t<ul><li>F\u00f6rvara ditt stickade plagg i en ren garderob p\u00e5 en galge. Cedertr\u00e4 h\u00e5ller malen borta, finns som ringar eller sm\u00e5 kulor.<\/li><li>Tyngre plagg ligger b\u00e4st p\u00e5 en hylla.<\/li><li>F\u00f6rvara i vakump\u00e5se, om ett plagg inte anv\u00e4nds s\u00e5 ofta.\u00a0<\/li><li><div>Borsta och v\u00e4dra dina handstickade plagg regelbundet.\u00a0<\/div><\/li><li><div>Tv\u00e4tta inte i on\u00f6dan.\u00a0<\/div><\/li><li><div>Ifall ett plagg beh\u00f6ver tv\u00e4ttas g\u00f6r det varsamt f\u00f6r hand och vissa plagg kan tv\u00e4ttas i maskin p\u00e5 ullprogram.\u00a0Anv\u00e4nd tv\u00e4ttmedel l\u00e4mpat f\u00f6r ull.<\/div><\/li><li><div>L\u00e5t aldrig ett plagg ligga en l\u00e4ngre tid i vatten. Pressa ut vatten fr\u00e5n plagget mellan tv\u00e5 handdukar, plantorka.<\/div><\/li><li><div><span style=\"font-size: 16px;\">N\u00e4r ditt stickade plagg \u00e4r torrt, skaka det s\u00e5 att fibrerna reser sig igen och blir fluffigt och fint.<\/span><\/div><\/li><\/ul><div>Ta v\u00e4l hand om ditt stickade plagg s\u00e5 har du det f\u00f6r alltid!<\/div>\t\t\t\t\t\t\t\t<\/div>\n\t\t\t\t<\/div>\n\t\t<div class=\"elementor-element elementor-element-d58d019 e-con-full e-flex e-con e-child\" data-id=\"d58d019\" data-element_type=\"container\" data-e-type=\"container\">\n\t\t\t\t<div class=\"elementor-element elementor-element-08fc21e elementor-widget elementor-widget-image\" data-id=\"08fc21e\" data-element_type=\"widget\" data-e-type=\"widget\" data-widget_type=\"image.default\">\n\t\t\t\t\t\t\t\t\t\t\t\t\t\t\t<img decoding=\"async\" src=\"https:\/\/knit4u.se\/wp-content\/uploads\/elementor\/thumbs\/IMG_9008-scaled-quj90thkguqx821m5i9wsqczms5jg9v37ujlf9jmkw.jpeg\" title=\"IMG_9008\" alt=\"IMG_9008\" loading=\"lazy\" \/>\t\t\t\t\t\t\t\t\t\t\t\t\t\t\t<\/div>\n\t\t\t\t<\/div>\n\t\t\t\t\t<\/div>\n\t\t\t\t<\/div>\n\t\t\t\t<\/div>\n\t\t","protected":false},"excerpt":{"rendered":"<p>HANDSTICKAT SK\u00d6TSELR\u00c5D F\u00f6rvara ditt stickade plagg i en ren garderob p\u00e5 en galge. Cedertr\u00e4 h\u00e5ller malen borta, finns som ringar eller sm\u00e5 kulor. Tyngre plagg ligger b\u00e4st p\u00e5 en hylla. F\u00f6rvara i vakump\u00e5se, om ett plagg inte anv\u00e4nds s\u00e5 ofta.\u00a0 Borsta och v\u00e4dra dina handstickade plagg regelbundet.\u00a0 Tv\u00e4tta inte i on\u00f6dan.\u00a0 Ifall ett plagg beh\u00f6ver [&hellip;]<\/p>\n","protected":false},"author":1,"featured_media":0,"parent":0,"menu_order":0,"comment_status":"closed","ping_status":"closed","template":"","meta":{"site-sidebar-layout":"no-sidebar","site-content-layout":"page-builder","ast-site-content-layout":"full-width-container","site-content-style":"default","site-sidebar-style":"default","ast-global-header-display":"","ast-banner-title-visibility":"","ast-main-header-display":"","ast-hfb-above-header-display":"","ast-hfb-below-header-display":"","ast-hfb-mobile-header-display":"","site-post-title":"disabled","ast-breadcrumbs-content":"","ast-featured-img":"disabled","footer-sml-layout":"","ast-disable-related-posts":"","theme-transparent-header-meta":"","adv-header-id-meta":"","stick-header-meta":"","header-above-stick-meta":"","header-main-stick-meta":"","header-below-stick-meta":"","astra-migrate-meta-layouts":"set","ast-page-background-enabled":"default","ast-page-background-meta":{"desktop":{"background-color":"var(--ast-global-color-4)","background-image":"","background-repeat":"repeat","background-position":"center center","background-size":"auto","background-attachment":"scroll","background-type":"","background-media":"","overlay-type":"","overlay-color":"","overlay-opacity":"","overlay-gradient":""},"tablet":{"background-color":"","background-image":"","background-repeat":"repeat","background-position":"center center","background-size":"auto","background-attachment":"scroll","background-type":"","background-media":"","overlay-type":"","overlay-color":"","overlay-opacity":"","overlay-gradient":""},"mobile":{"background-color":"","background-image":"","background-repeat":"repeat","background-position":"center center","background-size":"auto","background-attachment":"scroll","background-type":"","background-media":"","overlay-type":"","overlay-color":"","overlay-opacity":"","overlay-gradient":""}},"ast-content-background-meta":{"desktop":{"background-color":"var(--ast-global-color-5)","background-image":"","background-repeat":"repeat","background-position":"center center","background-size":"auto","background-attachment":"scroll","background-type":"","background-media":"","overlay-type":"","overlay-color":"","overlay-opacity":"","overlay-gradient":""},"tablet":{"background-color":"var(--ast-global-color-5)","background-image":"","background-repeat":"repeat","background-position":"center center","background-size":"auto","background-attachment":"scroll","background-type":"","background-media":"","overlay-type":"","overlay-color":"","overlay-opacity":"","overlay-gradient":""},"mobile":{"background-color":"var(--ast-global-color-5)","background-image":"","background-repeat":"repeat","background-position":"center center","background-size":"auto","background-attachment":"scroll","background-type":"","background-media":"","overlay-type":"","overlay-color":"","overlay-opacity":"","overlay-gradient":""}},"footnotes":""},"class_list":["post-2036","page","type-page","status-publish","hentry"],"_links":{"self":[{"href":"https:\/\/knit4u.se\/sv_se\/wp-json\/wp\/v2\/pages\/2036","targetHints":{"allow":["GET"]}}],"collection":[{"href":"https:\/\/knit4u.se\/sv_se\/wp-json\/wp\/v2\/pages"}],"about":[{"href":"https:\/\/knit4u.se\/sv_se\/wp-json\/wp\/v2\/types\/page"}],"author":[{"embeddable":true,"href":"https:\/\/knit4u.se\/sv_se\/wp-json\/wp\/v2\/users\/1"}],"replies":[{"embeddable":true,"href":"https:\/\/knit4u.se\/sv_se\/wp-json\/wp\/v2\/comments?post=2036"}],"version-history":[{"count":43,"href":"https:\/\/knit4u.se\/sv_se\/wp-json\/wp\/v2\/pages\/2036\/revisions"}],"predecessor-version":[{"id":5008,"href":"https:\/\/knit4u.se\/sv_se\/wp-json\/wp\/v2\/pages\/2036\/revisions\/5008"}],"wp:attachment":[{"href":"https:\/\/knit4u.se\/sv_se\/wp-json\/wp\/v2\/media?parent=2036"}],"curies":[{"name":"wp","href":"https:\/\/api.w.org\/{rel}","templated":true}]}}