{"id":10017,"date":"2026-04-22T15:09:56","date_gmt":"2026-04-22T14:09:56","guid":{"rendered":"https:\/\/knit4u.se\/?post_type=product&#038;p=10017"},"modified":"2026-04-22T15:49:25","modified_gmt":"2026-04-22T14:49:25","slug":"linde-troja-gotlandsull-stickpaket","status":"publish","type":"product","link":"https:\/\/knit4u.se\/sv_se\/product\/linde-troja-gotlandsull-stickpaket\/","title":{"rendered":"LINDE Tr\u00f6ja &#8211; Gotlandsull &#8211; Stickpaket"},"content":{"rendered":"<ul>\n<li style=\"font-size: 16px;\">Storlek\n<ul>\n<li style=\"font-size: 16px;\">S \/ M \u00a0( L \/ XL )<\/li>\n<\/ul>\n<\/li>\n<li style=\"font-size: 16px;\">Garn\n<ul>\n<li style=\"font-size: 16px;\">3 ( 4 ) hg F\u00c5R\u00d6 &#8211; Knit4u<\/li>\n<\/ul>\n<\/li>\n<li>Kvalit\u00e9\n<ul>\n<li>Benvit &#8211; 15 % Light Gotland Wool, 55 % White Gotland \/ Crossbred Wool, 30 % Falkland Merino &#8211; 100 g \/ 300 m<\/li>\n<li>\u00d6vriga kul\u00f6rer &#8211; 70 % Gotland Wool, 30 % Falkland Merino &#8211; 100 g \/300 m<\/li>\n<\/ul>\n<\/li>\n<li>\u00a0M\u00e5tt\n<ul>\n<li>L\u00e4ngd \u00a051 ( 55 )\u00a0 cm<\/li>\n<li>Bredd 64\u00a0 ( 68 )\u00a0 cm<\/li>\n<li>\u00c4rml\u00e4ngd 38 ( 42 ) cm, m\u00e4tt fr\u00e5n \u00e4rmh\u00e5l<\/li>\n<\/ul>\n<\/li>\n<li>Utskriven m\u00f6nsterinstruktion<\/li>\n<li>Tillval rundstickor Addi bambu nr 4.5 &#8211; 40 cm, nr 5 &#8211;\u00a0 80 cm\n<div class=\"tws-article-description--text\"><\/div>\n<div class=\"tws-article-description--text\"><\/div>\n<\/li>\n<\/ul>\n","protected":false},"excerpt":{"rendered":"<p data-start=\"100\" data-end=\"150\"><strong data-start=\"100\" data-end=\"150\">LINDE \u2013 tr\u00f6ja med sadelaxel i mjuk Gotlandsull<\/strong><\/p>\n<p data-start=\"152\" data-end=\"333\">Linde \u00e4r den perfekta kombinationen av tidl\u00f6s design och naturlig komfort. Med sin gener\u00f6sa passform och sitt vackra fall blir den snabbt ett favoritplagg att b\u00e4ra \u2013 om och om igen.<\/p>\n<p data-start=\"335\" data-end=\"564\">Tr\u00f6jan stickas i F\u00c5R\u00d6, v\u00e5rt eget entr\u00e5diga garn i en exklusiv blandning av Gotlandsull och Falkland Merino. Garnet har en rustik karakt\u00e4r med en mjukhet som utvecklas \u00f6ver tid \u2013 ju mer du anv\u00e4nder plagget, desto sk\u00f6nare blir det.<\/p>\n<p data-start=\"566\" data-end=\"733\">Den stickas uppifr\u00e5n och ner i sl\u00e4tstickning p\u00e5 rundsticka, helt utan s\u00f6mmar. F\u00f6rkortade varv nedanf\u00f6r halsringningen p\u00e5 bakstycket. Ribbstickade avslut vid hals, nederkant och \u00e4rmslut ger en stilren finish och fin stadga.<\/p>\n<p data-start=\"735\" data-end=\"823\">Ett harmoniskt stickprojekt som \u00e4r lika rogivande att skapa som det \u00e4r h\u00e4rligt att b\u00e4ra.<\/p>\n<p data-start=\"825\" data-end=\"875\">Tr\u00f6jan p\u00e5 bilderna \u00e4r stickad i kul\u00f6ren F\u00e5r\u00f6 Mullvad, strl M.<\/p>\n<p data-start=\"877\" data-end=\"904\"><strong data-start=\"877\" data-end=\"896\">Sv\u00e5righetsgrad:<\/strong> enkel<\/p>\n<p data-start=\"906\" data-end=\"924\"><strong data-start=\"906\" data-end=\"917\">Design:<\/strong> Knit4u<\/p>\n","protected":false},"featured_media":10041,"template":"","meta":{"site-sidebar-layout":"default","site-content-layout":"","ast-site-content-layout":"default","site-content-style":"default","site-sidebar-style":"default","ast-global-header-display":"","ast-banner-title-visibility":"","ast-main-header-display":"","ast-hfb-above-header-display":"","ast-hfb-below-header-display":"","ast-hfb-mobile-header-display":"","site-post-title":"","ast-breadcrumbs-content":"","ast-featured-img":"","footer-sml-layout":"","ast-disable-related-posts":"","theme-transparent-header-meta":"default","adv-header-id-meta":"","stick-header-meta":"","header-above-stick-meta":"","header-main-stick-meta":"","header-below-stick-meta":"","astra-migrate-meta-layouts":"set","ast-page-background-enabled":"default","ast-page-background-meta":{"desktop":{"background-color":"var(--ast-global-color-4)","background-image":"","background-repeat":"repeat","background-position":"center center","background-size":"auto","background-attachment":"scroll","background-type":"","background-media":"","overlay-type":"","overlay-color":"","overlay-opacity":"","overlay-gradient":""},"tablet":{"background-color":"","background-image":"","background-repeat":"repeat","background-position":"center center","background-size":"auto","background-attachment":"scroll","background-type":"","background-media":"","overlay-type":"","overlay-color":"","overlay-opacity":"","overlay-gradient":""},"mobile":{"background-color":"","background-image":"","background-repeat":"repeat","background-position":"center center","background-size":"auto","background-attachment":"scroll","background-type":"","background-media":"","overlay-type":"","overlay-color":"","overlay-opacity":"","overlay-gradient":""}},"ast-content-background-meta":{"desktop":{"background-color":"var(--ast-global-color-5)","background-image":"","background-repeat":"repeat","background-position":"center center","background-size":"auto","background-attachment":"scroll","background-type":"","background-media":"","overlay-type":"","overlay-color":"","overlay-opacity":"","overlay-gradient":""},"tablet":{"background-color":"var(--ast-global-color-5)","background-image":"","background-repeat":"repeat","background-position":"center center","background-size":"auto","background-attachment":"scroll","background-type":"","background-media":"","overlay-type":"","overlay-color":"","overlay-opacity":"","overlay-gradient":""},"mobile":{"background-color":"var(--ast-global-color-5)","background-image":"","background-repeat":"repeat","background-position":"center center","background-size":"auto","background-attachment":"scroll","background-type":"","background-media":"","overlay-type":"","overlay-color":"","overlay-opacity":"","overlay-gradient":""}}},"product_brand":[],"product_cat":[56,27],"product_tag":[378,136,142,135],"class_list":{"0":"post-10017","1":"product","2":"type-product","3":"status-publish","4":"has-post-thumbnail","6":"product_cat-stickpaket","7":"product_cat-troja","8":"product_tag-design-knit4u","9":"product_tag-enkel-stickning","10":"product_tag-faro","11":"product_tag-gotlandsull","12":"desktop-align-left","13":"tablet-align-left","14":"mobile-align-left","16":"first","17":"instock","18":"taxable","19":"shipping-taxable","20":"purchasable","21":"product-type-variable","22":"has-default-attributes"},"_links":{"self":[{"href":"https:\/\/knit4u.se\/sv_se\/wp-json\/wp\/v2\/product\/10017","targetHints":{"allow":["GET"]}}],"collection":[{"href":"https:\/\/knit4u.se\/sv_se\/wp-json\/wp\/v2\/product"}],"about":[{"href":"https:\/\/knit4u.se\/sv_se\/wp-json\/wp\/v2\/types\/product"}],"version-history":[{"count":5,"href":"https:\/\/knit4u.se\/sv_se\/wp-json\/wp\/v2\/product\/10017\/revisions"}],"predecessor-version":[{"id":10044,"href":"https:\/\/knit4u.se\/sv_se\/wp-json\/wp\/v2\/product\/10017\/revisions\/10044"}],"wp:featuredmedia":[{"embeddable":true,"href":"https:\/\/knit4u.se\/sv_se\/wp-json\/wp\/v2\/media\/10041"}],"wp:attachment":[{"href":"https:\/\/knit4u.se\/sv_se\/wp-json\/wp\/v2\/media?parent=10017"}],"wp:term":[{"taxonomy":"product_brand","embeddable":true,"href":"https:\/\/knit4u.se\/sv_se\/wp-json\/wp\/v2\/product_brand?post=10017"},{"taxonomy":"product_cat","embeddable":true,"href":"https:\/\/knit4u.se\/sv_se\/wp-json\/wp\/v2\/product_cat?post=10017"},{"taxonomy":"product_tag","embeddable":true,"href":"https:\/\/knit4u.se\/sv_se\/wp-json\/wp\/v2\/product_tag?post=10017"}],"curies":[{"name":"wp","href":"https:\/\/api.w.org\/{rel}","templated":true}]}}