{"id":10204,"date":"2023-05-06T15:34:02","date_gmt":"2023-05-06T14:34:02","guid":{"rendered":"https:\/\/knit4u.se\/?post_type=product&#038;p=10204"},"modified":"2026-05-07T14:52:27","modified_gmt":"2026-05-07T13:52:27","slug":"pride-lin-bomull-viskos-wooladdicts","status":"publish","type":"product","link":"https:\/\/knit4u.se\/sv_se\/product\/pride-lin-bomull-viskos-wooladdicts\/","title":{"rendered":"Pride &#8211; Lin Bomull Viskos &#8211; WoolAddicts"},"content":{"rendered":"<p>&nbsp;<\/p>\n<ul>\n<li>\u00a0PRIDE\u00a0 &#8211; Lin Bomull Viskos &#8211; WoolAddicts\n<ul>\n<li>100 g \/ 280 m<\/li>\n<\/ul>\n<\/li>\n<li>\u00a0Kvalit\u00e9\n<ul>\n<li>40 % Lin\u00a0 32 % Bomull 28 % Viskos<\/li>\n<\/ul>\n<\/li>\n<li>Stickor\n<ul>\n<li>nr 3.5\u00a0 &#8211; 4<\/li>\n<\/ul>\n<\/li>\n<li>\u00a0Stickfasthet\n<ul>\n<li>20 maskor x 30 rader &#8211; 10 x 10 cm<\/li>\n<\/ul>\n<\/li>\n<li>\u00a0Modeller\n<ul>\n<li>Monica Topp<\/li>\n<li>Lina Topp<\/li>\n<li>Lina Glitter Topp<\/li>\n<li>Lovisa Tr\u00f6ja<\/li>\n<li>Bling Ponchotr\u00f6ja<\/li>\n<li>Alma Topp<\/li>\n<li>Vanja Kofta<\/li>\n<li>Paris Jacka<\/li>\n<li>Lova Tr\u00f6ja<\/li>\n<\/ul>\n<\/li>\n<\/ul>\n<p>&nbsp;<\/p>\n","protected":false},"excerpt":{"rendered":"<p><strong>\u00a0Pride fr\u00e5n WoolAddicts\u2013 naturlig k\u00e4nsla med mjuk lyster<\/strong><\/p>\n<p>Pride fr\u00e5n WoolAddicts \u00e4r ett vackert och unikt garn i en fin blandning av lin, bomull och viskos. Ser ut som ett lingarn men med en betydligt mjukare k\u00e4nsla mot huden.<\/p>\n<p>Viskosen tillf\u00f6r en elegant lyster och ett fint fall, vilket ger plaggen b\u00e5de tyngd och r\u00f6relse. Garnets l\u00e4tt oj\u00e4mna struktur skapar en levande yta med en naturlig och avslappnad karakt\u00e4r.<\/p>\n<p>N\u00e4r du stickar med Pride f\u00e5r du redan fr\u00e5n b\u00f6rjan ett mjukt och f\u00f6ljsamt plagg och som bara blir sk\u00f6nare med tiden.\u00a0 Tack vare viskosens egenskaper f\u00e5r plaggen ocks\u00e5 ett vackert fall och kan t\u00f6ja sig n\u00e5got p\u00e5 l\u00e4ngden \u00f6ver tid.<\/p>\n<p>Ett perfekt garn f\u00f6r dig som vill kombinera naturk\u00e4nsla med mjukhet och l\u00e4tt lyster.<\/p>\n<p>Pride g\u00e5r perfekt att kombinera med andra garnkvalit\u00e9er, s\u00e5 som Cashmere Lace, Paillettes fr\u00e5n Lang yarns och Eiffel fr\u00e5n Sesia, garn som du hittar hos oss.<\/p>\n<p>&nbsp;<\/p>\n","protected":false},"featured_media":9274,"template":"","meta":{"site-sidebar-layout":"default","site-content-layout":"","ast-site-content-layout":"default","site-content-style":"default","site-sidebar-style":"default","ast-global-header-display":"","ast-banner-title-visibility":"","ast-main-header-display":"","ast-hfb-above-header-display":"","ast-hfb-below-header-display":"","ast-hfb-mobile-header-display":"","site-post-title":"","ast-breadcrumbs-content":"","ast-featured-img":"","footer-sml-layout":"","ast-disable-related-posts":"","theme-transparent-header-meta":"default","adv-header-id-meta":"","stick-header-meta":"","header-above-stick-meta":"","header-main-stick-meta":"","header-below-stick-meta":"","astra-migrate-meta-layouts":"set","ast-page-background-enabled":"default","ast-page-background-meta":{"desktop":{"background-color":"var(--ast-global-color-4)","background-image":"","background-repeat":"repeat","background-position":"center center","background-size":"auto","background-attachment":"scroll","background-type":"","background-media":"","overlay-type":"","overlay-color":"","overlay-opacity":"","overlay-gradient":""},"tablet":{"background-color":"","background-image":"","background-repeat":"repeat","background-position":"center center","background-size":"auto","background-attachment":"scroll","background-type":"","background-media":"","overlay-type":"","overlay-color":"","overlay-opacity":"","overlay-gradient":""},"mobile":{"background-color":"","background-image":"","background-repeat":"repeat","background-position":"center center","background-size":"auto","background-attachment":"scroll","background-type":"","background-media":"","overlay-type":"","overlay-color":"","overlay-opacity":"","overlay-gradient":""}},"ast-content-background-meta":{"desktop":{"background-color":"var(--ast-global-color-5)","background-image":"","background-repeat":"repeat","background-position":"center center","background-size":"auto","background-attachment":"scroll","background-type":"","background-media":"","overlay-type":"","overlay-color":"","overlay-opacity":"","overlay-gradient":""},"tablet":{"background-color":"var(--ast-global-color-5)","background-image":"","background-repeat":"repeat","background-position":"center center","background-size":"auto","background-attachment":"scroll","background-type":"","background-media":"","overlay-type":"","overlay-color":"","overlay-opacity":"","overlay-gradient":""},"mobile":{"background-color":"var(--ast-global-color-5)","background-image":"","background-repeat":"repeat","background-position":"center center","background-size":"auto","background-attachment":"scroll","background-type":"","background-media":"","overlay-type":"","overlay-color":"","overlay-opacity":"","overlay-gradient":""}}},"product_brand":[],"product_cat":[23],"product_tag":[461,290,406],"class_list":{"0":"post-10204","1":"product","2":"type-product","3":"status-publish","4":"has-post-thumbnail","6":"product_cat-garn","7":"product_tag-lin-bomull-viskos","8":"product_tag-pride","9":"product_tag-wooladdicts","10":"desktop-align-left","11":"tablet-align-left","12":"mobile-align-left","14":"first","15":"instock","16":"taxable","17":"shipping-taxable","18":"purchasable","19":"product-type-variable"},"_links":{"self":[{"href":"https:\/\/knit4u.se\/sv_se\/wp-json\/wp\/v2\/product\/10204","targetHints":{"allow":["GET"]}}],"collection":[{"href":"https:\/\/knit4u.se\/sv_se\/wp-json\/wp\/v2\/product"}],"about":[{"href":"https:\/\/knit4u.se\/sv_se\/wp-json\/wp\/v2\/types\/product"}],"version-history":[{"count":3,"href":"https:\/\/knit4u.se\/sv_se\/wp-json\/wp\/v2\/product\/10204\/revisions"}],"predecessor-version":[{"id":10234,"href":"https:\/\/knit4u.se\/sv_se\/wp-json\/wp\/v2\/product\/10204\/revisions\/10234"}],"wp:featuredmedia":[{"embeddable":true,"href":"https:\/\/knit4u.se\/sv_se\/wp-json\/wp\/v2\/media\/9274"}],"wp:attachment":[{"href":"https:\/\/knit4u.se\/sv_se\/wp-json\/wp\/v2\/media?parent=10204"}],"wp:term":[{"taxonomy":"product_brand","embeddable":true,"href":"https:\/\/knit4u.se\/sv_se\/wp-json\/wp\/v2\/product_brand?post=10204"},{"taxonomy":"product_cat","embeddable":true,"href":"https:\/\/knit4u.se\/sv_se\/wp-json\/wp\/v2\/product_cat?post=10204"},{"taxonomy":"product_tag","embeddable":true,"href":"https:\/\/knit4u.se\/sv_se\/wp-json\/wp\/v2\/product_tag?post=10204"}],"curies":[{"name":"wp","href":"https:\/\/api.w.org\/{rel}","templated":true}]}}