{"id":10270,"date":"2026-05-11T11:48:34","date_gmt":"2026-05-11T10:48:34","guid":{"rendered":"https:\/\/knit4u.se\/?post_type=product&#038;p=10270"},"modified":"2026-05-11T12:16:51","modified_gmt":"2026-05-11T11:16:51","slug":"eiffel-mohairsilke-sesia-kopia","status":"publish","type":"product","link":"https:\/\/knit4u.se\/sv_se\/product\/eiffel-mohairsilke-sesia-kopia\/","title":{"rendered":"MILLEDUE Mohair Virgin Wool &#8211; Sesia"},"content":{"rendered":"<p>&nbsp;<\/p>\n<ul>\n<li>\u00a0Milledue &#8211;\u00a0 Mohair Virgin Wool &#8211; Sesia\n<ul>\n<li>50 g \/ 60 m<\/li>\n<\/ul>\n<\/li>\n<li>\u00a0Kvalit\u00e9\n<ul>\n<li>59 % Mohair 41 % Virgin Wool<\/li>\n<\/ul>\n<\/li>\n<li>Stickor\n<ul>\n<li>8 &#8211; 15 mm<\/li>\n<\/ul>\n<\/li>\n<li>\u00a0Modeller\n<ul>\n<li>Nicki Jacka<\/li>\n<li>Roma Jacka<\/li>\n<li>Bea Jacka<\/li>\n<li>Sky Topp<\/li>\n<li>Sn\u00f6 Halsduk<\/li>\n<li>Flinga M\u00f6ssa<\/li>\n<\/ul>\n<\/li>\n<\/ul>\n<p>&nbsp;<\/p>\n","protected":false},"excerpt":{"rendered":"<p data-start=\"60\" data-end=\"134\"><strong data-start=\"60\" data-end=\"134\">Milledue \u2013 fluffigt lyxgarn fr\u00e5n <span class=\"hover:entity-accent entity-underline inline cursor-pointer align-baseline\"><span class=\"whitespace-normal\">Sesia<\/span><\/span><\/strong><\/p>\n<p data-start=\"136\" data-end=\"335\">Milledue \u00e4r ett mjukt, luftigt och exklusivt garn med h\u00e4rlig volym. Blandningen av mohair och virgin wool ger ett fluffigt uttryck med v\u00e4rme och l\u00e4tthet \u2013 perfekt f\u00f6r plagg du vill b\u00e4ra n\u00e4ra kroppen.<\/p>\n<p data-start=\"337\" data-end=\"476\">Garnet \u00e4r tjockt och snabbt att sticka i, och passar stickor fr\u00e5n ca 8 mm upp till 15 mm beroende p\u00e5 vilket fall och uttryck du vill skapa.<\/p>\n<p data-start=\"478\" data-end=\"632\">F\u00f6r en \u00e4nnu mjukare och fylligare k\u00e4nsla kan Milledue med f\u00f6rdel stickas tillsammans med v\u00e5rt garn Eiffel \u2013 en perfekt kombination f\u00f6r t\u00e4ta, lyxiga plagg.<\/p>\n<p data-start=\"634\" data-end=\"764\">\u2022 Material: Mohair &amp; virgin wool<br data-start=\"666\" data-end=\"669\" \/>\u2022 Vikt\/l\u00e4ngd: 50 g \/ ca 60 m<br data-start=\"697\" data-end=\"700\" \/>\u2022 Stickor: ca 8\u201315 mm<br data-start=\"721\" data-end=\"724\" \/>\u2022 Egenskaper: Fluffigt, varmt och l\u00e4tt<\/p>\n","protected":false},"featured_media":9207,"template":"","meta":{"site-sidebar-layout":"default","site-content-layout":"","ast-site-content-layout":"default","site-content-style":"default","site-sidebar-style":"default","ast-global-header-display":"","ast-banner-title-visibility":"","ast-main-header-display":"","ast-hfb-above-header-display":"","ast-hfb-below-header-display":"","ast-hfb-mobile-header-display":"","site-post-title":"","ast-breadcrumbs-content":"","ast-featured-img":"","footer-sml-layout":"","ast-disable-related-posts":"","theme-transparent-header-meta":"default","adv-header-id-meta":"","stick-header-meta":"","header-above-stick-meta":"","header-main-stick-meta":"","header-below-stick-meta":"","astra-migrate-meta-layouts":"set","ast-page-background-enabled":"default","ast-page-background-meta":{"desktop":{"background-color":"var(--ast-global-color-4)","background-image":"","background-repeat":"repeat","background-position":"center center","background-size":"auto","background-attachment":"scroll","background-type":"","background-media":"","overlay-type":"","overlay-color":"","overlay-opacity":"","overlay-gradient":""},"tablet":{"background-color":"","background-image":"","background-repeat":"repeat","background-position":"center center","background-size":"auto","background-attachment":"scroll","background-type":"","background-media":"","overlay-type":"","overlay-color":"","overlay-opacity":"","overlay-gradient":""},"mobile":{"background-color":"","background-image":"","background-repeat":"repeat","background-position":"center center","background-size":"auto","background-attachment":"scroll","background-type":"","background-media":"","overlay-type":"","overlay-color":"","overlay-opacity":"","overlay-gradient":""}},"ast-content-background-meta":{"desktop":{"background-color":"var(--ast-global-color-5)","background-image":"","background-repeat":"repeat","background-position":"center center","background-size":"auto","background-attachment":"scroll","background-type":"","background-media":"","overlay-type":"","overlay-color":"","overlay-opacity":"","overlay-gradient":""},"tablet":{"background-color":"var(--ast-global-color-5)","background-image":"","background-repeat":"repeat","background-position":"center center","background-size":"auto","background-attachment":"scroll","background-type":"","background-media":"","overlay-type":"","overlay-color":"","overlay-opacity":"","overlay-gradient":""},"mobile":{"background-color":"var(--ast-global-color-5)","background-image":"","background-repeat":"repeat","background-position":"center center","background-size":"auto","background-attachment":"scroll","background-type":"","background-media":"","overlay-type":"","overlay-color":"","overlay-opacity":"","overlay-gradient":""}}},"product_brand":[],"product_cat":[23],"product_tag":[354,465,355],"class_list":{"0":"post-10270","1":"product","2":"type-product","3":"status-publish","4":"has-post-thumbnail","6":"product_cat-garn","7":"product_tag-milledue","8":"product_tag-mohair-wool","9":"product_tag-sesia","10":"desktop-align-left","11":"tablet-align-left","12":"mobile-align-left","14":"first","15":"instock","16":"taxable","17":"shipping-taxable","18":"purchasable","19":"product-type-variable"},"_links":{"self":[{"href":"https:\/\/knit4u.se\/sv_se\/wp-json\/wp\/v2\/product\/10270","targetHints":{"allow":["GET"]}}],"collection":[{"href":"https:\/\/knit4u.se\/sv_se\/wp-json\/wp\/v2\/product"}],"about":[{"href":"https:\/\/knit4u.se\/sv_se\/wp-json\/wp\/v2\/types\/product"}],"version-history":[{"count":5,"href":"https:\/\/knit4u.se\/sv_se\/wp-json\/wp\/v2\/product\/10270\/revisions"}],"predecessor-version":[{"id":10290,"href":"https:\/\/knit4u.se\/sv_se\/wp-json\/wp\/v2\/product\/10270\/revisions\/10290"}],"wp:featuredmedia":[{"embeddable":true,"href":"https:\/\/knit4u.se\/sv_se\/wp-json\/wp\/v2\/media\/9207"}],"wp:attachment":[{"href":"https:\/\/knit4u.se\/sv_se\/wp-json\/wp\/v2\/media?parent=10270"}],"wp:term":[{"taxonomy":"product_brand","embeddable":true,"href":"https:\/\/knit4u.se\/sv_se\/wp-json\/wp\/v2\/product_brand?post=10270"},{"taxonomy":"product_cat","embeddable":true,"href":"https:\/\/knit4u.se\/sv_se\/wp-json\/wp\/v2\/product_cat?post=10270"},{"taxonomy":"product_tag","embeddable":true,"href":"https:\/\/knit4u.se\/sv_se\/wp-json\/wp\/v2\/product_tag?post=10270"}],"curies":[{"name":"wp","href":"https:\/\/api.w.org\/{rel}","templated":true}]}}