{"id":2653,"date":"2025-08-27T12:56:55","date_gmt":"2025-08-27T11:56:55","guid":{"rendered":"https:\/\/www.knitforyou.se\/?post_type=product&#038;p=2653"},"modified":"2026-02-08T19:26:05","modified_gmt":"2026-02-08T18:26:05","slug":"ester-slipover-monster-garn","status":"publish","type":"product","link":"https:\/\/knit4u.se\/sv_se\/product\/ester-slipover-monster-garn\/","title":{"rendered":"ESTER Slipover &#8211; Mohairsilke &#8211; We Two Stockholm Design &#8211; Stickpaket"},"content":{"rendered":"<div class=\"tws-article-description--text-container\">\n<ul>\n<li>Storlek\n<ul>\n<li>One Size<\/li>\n<\/ul>\n<\/li>\n<li>Garn\n<ul>\n<li>1.5 hg EIFFEL &#8211; Sesia &#8211; Du stickar med 1 tr\u00e5d eller<\/li>\n<li>1.25 hg VIVIENNE &#8211; Sesia &#8211; Du stickar med dubbeltr\u00e5d<\/li>\n<\/ul>\n<\/li>\n<li>Kvalit\u00e9\n<ul>\n<li>Eiffel &#8211; 70 % KidMohaire 30 % Shappe Silke &#8211; 25 g \/ 75 m<\/li>\n<li>Vivienne &#8211; 70 % Super KidMohair 30 % Mulberry Silke &#8211; 25 g \/ 210 m<\/li>\n<\/ul>\n<\/li>\n<li>\u00a0M\u00e5tt\n<ul>\n<li>L\u00e4ngd 50 cm<\/li>\n<li>Bredd axel till axel 40 cm<\/li>\n<li>Omkrets \u00a0108 cm nedtill<\/li>\n<\/ul>\n<\/li>\n<li>Utskriven m\u00f6nsterinstruktion<\/li>\n<li>Tillval rundstickor Addi bambu nr 4.5\u00a0 &#8211; 40 cm och nr 5.5\u00a0 &#8211; 80 cm<\/li>\n<li>Design We Two Stockholm<\/li>\n<\/ul>\n<\/div>\n","protected":false},"excerpt":{"rendered":"<div>\n<p class=\"\" data-start=\"83\" data-end=\"131\"><strong data-start=\"83\" data-end=\"131\">ESTER Slipover \u2013 Stilren, Mjuk och Superl\u00e4tt<\/strong><\/p>\n<p class=\"\" data-start=\"133\" data-end=\"409\">ESTER \u00e4r slipovern du aldrig vill ta av dig \u2013 stickad i v\u00e5rt allra mjukaste mohairsilke, med ett modernt uttryck och klassiska detaljer. En luftig, varm och elegant One Size-modell som passar perfekt \u00f6ver skjorta eller kl\u00e4nning \u2013 s\u00e4rskilt tack vare de extra vida \u00e4rmh\u00e5len.<\/p>\n<p class=\"\" data-start=\"411\" data-end=\"517\">Slipovern stickas nerifr\u00e5n och upp, och du v\u00e4ljer sj\u00e4lv mellan tv\u00e5 lyxiga garnalternativ beroende p\u00e5 f\u00e4rg:<\/p>\n<ul data-start=\"518\" data-end=\"657\">\n<li class=\"\" data-start=\"518\" data-end=\"584\">\n<p class=\"\" data-start=\"520\" data-end=\"584\"><strong data-start=\"520\" data-end=\"528\">EIFFEL<\/strong>\u00a0\u2013 stickas med en tr\u00e5d (f\u00e4rger: beige, gr\u00e5 och rostbrun)<\/p>\n<\/li>\n<li class=\"\" data-start=\"585\" data-end=\"657\">\n<p class=\"\" data-start=\"587\" data-end=\"657\"><strong data-start=\"587\" data-end=\"595\">VIVIENNE<\/strong>\u00a0\u2013 stickas med tv\u00e5 tr\u00e5dar (f\u00e4rger: bordeaux, kornbl\u00e5, skogsgr\u00f6n och rost)<\/p>\n<\/li>\n<\/ul>\n<p class=\"\" data-start=\"659\" data-end=\"824\">Modellen har en 1 x 1 ribb nertill och vid halsen, med sl\u00e4tstickning nedtill och r\u00e4tstickning upptill \u2013 en vacker kombination som lyfter strukturen i det l\u00e4tta garnet. Vill du ha en tjockare kant runt halsringningen, stickar du den dubbelt s\u00e5 l\u00e5ng och viker ner och syr fast p\u00e5 insidan.<\/p>\n<p class=\"\" data-start=\"826\" data-end=\"1061\">Perfekt f\u00f6r dig som vill komma ig\u00e5ng med stickningen igen.<br data-start=\"894\" data-end=\"897\" \/>\u00d6nskar du en annan kul\u00f6r av Vivienne eller Eiffel, g\u00f6r en notering\u00a0 i best\u00e4llningsanteckningarna!<br data-start=\"1019\" data-end=\"1022\" \/>Se alla f\u00e4rger under rubriken GARN<\/p>\n<p class=\"\" data-start=\"1063\" data-end=\"1091\"><strong>Design: We Two Stockholm<\/strong><\/p>\n<\/div>\n<div><\/div>\n","protected":false},"featured_media":6828,"template":"","meta":{"site-sidebar-layout":"default","site-content-layout":"","ast-site-content-layout":"default","site-content-style":"default","site-sidebar-style":"default","ast-global-header-display":"","ast-banner-title-visibility":"","ast-main-header-display":"","ast-hfb-above-header-display":"","ast-hfb-below-header-display":"","ast-hfb-mobile-header-display":"","site-post-title":"","ast-breadcrumbs-content":"","ast-featured-img":"","footer-sml-layout":"","ast-disable-related-posts":"","theme-transparent-header-meta":"default","adv-header-id-meta":"","stick-header-meta":"","header-above-stick-meta":"","header-main-stick-meta":"","header-below-stick-meta":"","astra-migrate-meta-layouts":"set","ast-page-background-enabled":"default","ast-page-background-meta":{"desktop":{"background-color":"var(--ast-global-color-4)","background-image":"","background-repeat":"repeat","background-position":"center center","background-size":"auto","background-attachment":"scroll","background-type":"","background-media":"","overlay-type":"","overlay-color":"","overlay-opacity":"","overlay-gradient":""},"tablet":{"background-color":"","background-image":"","background-repeat":"repeat","background-position":"center center","background-size":"auto","background-attachment":"scroll","background-type":"","background-media":"","overlay-type":"","overlay-color":"","overlay-opacity":"","overlay-gradient":""},"mobile":{"background-color":"","background-image":"","background-repeat":"repeat","background-position":"center center","background-size":"auto","background-attachment":"scroll","background-type":"","background-media":"","overlay-type":"","overlay-color":"","overlay-opacity":"","overlay-gradient":""}},"ast-content-background-meta":{"desktop":{"background-color":"var(--ast-global-color-5)","background-image":"","background-repeat":"repeat","background-position":"center center","background-size":"auto","background-attachment":"scroll","background-type":"","background-media":"","overlay-type":"","overlay-color":"","overlay-opacity":"","overlay-gradient":""},"tablet":{"background-color":"var(--ast-global-color-5)","background-image":"","background-repeat":"repeat","background-position":"center center","background-size":"auto","background-attachment":"scroll","background-type":"","background-media":"","overlay-type":"","overlay-color":"","overlay-opacity":"","overlay-gradient":""},"mobile":{"background-color":"var(--ast-global-color-5)","background-image":"","background-repeat":"repeat","background-position":"center center","background-size":"auto","background-attachment":"scroll","background-type":"","background-media":"","overlay-type":"","overlay-color":"","overlay-opacity":"","overlay-gradient":""}}},"product_brand":[],"product_cat":[56,61],"product_tag":[371,136,234,355,375,407],"class_list":{"0":"post-2653","1":"product","2":"type-product","3":"status-publish","4":"has-post-thumbnail","6":"product_cat-stickpaket","7":"product_cat-vast","8":"product_tag-eiffel","9":"product_tag-enkel-stickning","10":"product_tag-mohairsilke","11":"product_tag-sesia","12":"product_tag-vivienne","13":"product_tag-we-two","14":"desktop-align-left","15":"tablet-align-left","16":"mobile-align-left","18":"first","19":"instock","20":"taxable","21":"shipping-taxable","22":"purchasable","23":"product-type-variable","24":"has-default-attributes"},"_links":{"self":[{"href":"https:\/\/knit4u.se\/sv_se\/wp-json\/wp\/v2\/product\/2653","targetHints":{"allow":["GET"]}}],"collection":[{"href":"https:\/\/knit4u.se\/sv_se\/wp-json\/wp\/v2\/product"}],"about":[{"href":"https:\/\/knit4u.se\/sv_se\/wp-json\/wp\/v2\/types\/product"}],"version-history":[{"count":22,"href":"https:\/\/knit4u.se\/sv_se\/wp-json\/wp\/v2\/product\/2653\/revisions"}],"predecessor-version":[{"id":9369,"href":"https:\/\/knit4u.se\/sv_se\/wp-json\/wp\/v2\/product\/2653\/revisions\/9369"}],"wp:featuredmedia":[{"embeddable":true,"href":"https:\/\/knit4u.se\/sv_se\/wp-json\/wp\/v2\/media\/6828"}],"wp:attachment":[{"href":"https:\/\/knit4u.se\/sv_se\/wp-json\/wp\/v2\/media?parent=2653"}],"wp:term":[{"taxonomy":"product_brand","embeddable":true,"href":"https:\/\/knit4u.se\/sv_se\/wp-json\/wp\/v2\/product_brand?post=2653"},{"taxonomy":"product_cat","embeddable":true,"href":"https:\/\/knit4u.se\/sv_se\/wp-json\/wp\/v2\/product_cat?post=2653"},{"taxonomy":"product_tag","embeddable":true,"href":"https:\/\/knit4u.se\/sv_se\/wp-json\/wp\/v2\/product_tag?post=2653"}],"curies":[{"name":"wp","href":"https:\/\/api.w.org\/{rel}","templated":true}]}}