{"id":3623,"date":"2024-04-17T15:35:21","date_gmt":"2024-04-17T14:35:21","guid":{"rendered":"https:\/\/www.knitforyou.se\/?post_type=product&#038;p=3623"},"modified":"2025-12-07T22:24:48","modified_gmt":"2025-12-07T21:24:48","slug":"rubin-halskrage-monster-garn","status":"publish","type":"product","link":"https:\/\/knit4u.se\/sv_se\/product\/rubin-halskrage-monster-garn\/","title":{"rendered":"RUBIN halskrage &#8211; cashmere &#8211; stickpaket"},"content":{"rendered":"<ul>\n<li style=\"font-size: 16px;\">Storlek\n<ul>\n<li style=\"font-size: 16px;\">One Size<\/li>\n<\/ul>\n<\/li>\n<li style=\"font-size: 16px;\">Garn\n<ul>\n<li style=\"font-size: 16px;\">50 g Cashmere Light &#8211; LangYarns<\/li>\n<\/ul>\n<\/li>\n<li>Kvalit\u00e9\n<ul>\n<li>88 % Cashmere, 12 % Polyamid &#8211; 25 g \/ 85 m<\/li>\n<\/ul>\n<\/li>\n<li>Utskriven m\u00f6nsterinstruktion<\/li>\n<li>Tillval rundsticka Addi bambu nr 7 &#8211; 40 cm\n<div class=\"tws-article-description--text\"><\/div>\n<\/li>\n<\/ul>\n<p>&nbsp;<\/p>\n","protected":false},"excerpt":{"rendered":"<p data-start=\"125\" data-end=\"362\"><strong data-start=\"125\" data-end=\"169\">Rubin \u2013 mjukaste kragen i lyxig cashmere<\/strong><br data-start=\"169\" data-end=\"172\" \/>Rubin \u00e4r en varm och elegant halskrage, stickad i den allra finaste cashmeren fr\u00e5n LangYarns. Den har ett dekorativt h\u00e5lm\u00f6nster med r\u00e4ta och aviga maskor \u2013 enkelt, men med vacker effekt.<\/p>\n<p data-start=\"364\" data-end=\"460\">Stickas p\u00e5 rundsticka nr 7 \u2013 ett snabbt och roligt projekt, perfekt att njuta av en ledig kv\u00e4ll.<\/p>\n<p data-start=\"462\" data-end=\"575\">Extra fint blir det om du matchar med m\u00f6ssan Safir och handledsv\u00e4rmarna Juvel \u2013 alla i samma lyxiga garn.<\/p>\n<p data-start=\"577\" data-end=\"595\"><strong data-start=\"577\" data-end=\"595\">Design: Knit4u<\/strong><\/p>\n","protected":false},"featured_media":4835,"template":"","meta":{"site-sidebar-layout":"default","site-content-layout":"","ast-site-content-layout":"default","site-content-style":"default","site-sidebar-style":"default","ast-global-header-display":"","ast-banner-title-visibility":"","ast-main-header-display":"","ast-hfb-above-header-display":"","ast-hfb-below-header-display":"","ast-hfb-mobile-header-display":"","site-post-title":"","ast-breadcrumbs-content":"","ast-featured-img":"","footer-sml-layout":"","ast-disable-related-posts":"","theme-transparent-header-meta":"default","adv-header-id-meta":"","stick-header-meta":"","header-above-stick-meta":"","header-main-stick-meta":"","header-below-stick-meta":"","astra-migrate-meta-layouts":"set","ast-page-background-enabled":"default","ast-page-background-meta":{"desktop":{"background-color":"var(--ast-global-color-4)","background-image":"","background-repeat":"repeat","background-position":"center center","background-size":"auto","background-attachment":"scroll","background-type":"","background-media":"","overlay-type":"","overlay-color":"","overlay-opacity":"","overlay-gradient":""},"tablet":{"background-color":"","background-image":"","background-repeat":"repeat","background-position":"center center","background-size":"auto","background-attachment":"scroll","background-type":"","background-media":"","overlay-type":"","overlay-color":"","overlay-opacity":"","overlay-gradient":""},"mobile":{"background-color":"","background-image":"","background-repeat":"repeat","background-position":"center center","background-size":"auto","background-attachment":"scroll","background-type":"","background-media":"","overlay-type":"","overlay-color":"","overlay-opacity":"","overlay-gradient":""}},"ast-content-background-meta":{"desktop":{"background-color":"var(--ast-global-color-5)","background-image":"","background-repeat":"repeat","background-position":"center center","background-size":"auto","background-attachment":"scroll","background-type":"","background-media":"","overlay-type":"","overlay-color":"","overlay-opacity":"","overlay-gradient":""},"tablet":{"background-color":"var(--ast-global-color-5)","background-image":"","background-repeat":"repeat","background-position":"center center","background-size":"auto","background-attachment":"scroll","background-type":"","background-media":"","overlay-type":"","overlay-color":"","overlay-opacity":"","overlay-gradient":""},"mobile":{"background-color":"var(--ast-global-color-5)","background-image":"","background-repeat":"repeat","background-position":"center center","background-size":"auto","background-attachment":"scroll","background-type":"","background-media":"","overlay-type":"","overlay-color":"","overlay-opacity":"","overlay-gradient":""}}},"product_brand":[],"product_cat":[46,56],"product_tag":[333,53],"class_list":{"0":"post-3623","1":"product","2":"type-product","3":"status-publish","4":"has-post-thumbnail","6":"product_cat-accessoarer","7":"product_cat-stickpaket","8":"product_tag-cashmere-light","9":"product_tag-knit4u","10":"desktop-align-left","11":"tablet-align-left","12":"mobile-align-left","14":"first","15":"instock","16":"taxable","17":"shipping-taxable","18":"purchasable","19":"product-type-variable"},"_links":{"self":[{"href":"https:\/\/knit4u.se\/sv_se\/wp-json\/wp\/v2\/product\/3623","targetHints":{"allow":["GET"]}}],"collection":[{"href":"https:\/\/knit4u.se\/sv_se\/wp-json\/wp\/v2\/product"}],"about":[{"href":"https:\/\/knit4u.se\/sv_se\/wp-json\/wp\/v2\/types\/product"}],"version-history":[{"count":8,"href":"https:\/\/knit4u.se\/sv_se\/wp-json\/wp\/v2\/product\/3623\/revisions"}],"predecessor-version":[{"id":7919,"href":"https:\/\/knit4u.se\/sv_se\/wp-json\/wp\/v2\/product\/3623\/revisions\/7919"}],"wp:featuredmedia":[{"embeddable":true,"href":"https:\/\/knit4u.se\/sv_se\/wp-json\/wp\/v2\/media\/4835"}],"wp:attachment":[{"href":"https:\/\/knit4u.se\/sv_se\/wp-json\/wp\/v2\/media?parent=3623"}],"wp:term":[{"taxonomy":"product_brand","embeddable":true,"href":"https:\/\/knit4u.se\/sv_se\/wp-json\/wp\/v2\/product_brand?post=3623"},{"taxonomy":"product_cat","embeddable":true,"href":"https:\/\/knit4u.se\/sv_se\/wp-json\/wp\/v2\/product_cat?post=3623"},{"taxonomy":"product_tag","embeddable":true,"href":"https:\/\/knit4u.se\/sv_se\/wp-json\/wp\/v2\/product_tag?post=3623"}],"curies":[{"name":"wp","href":"https:\/\/api.w.org\/{rel}","templated":true}]}}