{"id":6473,"date":"2024-12-09T14:17:22","date_gmt":"2024-12-09T13:17:22","guid":{"rendered":"https:\/\/knit4u.se\/?post_type=product&#038;p=6473"},"modified":"2026-02-24T12:21:48","modified_gmt":"2026-02-24T11:21:48","slug":"roma-langkofta-monster-garn","status":"publish","type":"product","link":"https:\/\/knit4u.se\/sv_se\/product\/roma-langkofta-monster-garn\/","title":{"rendered":"ROMA L\u00e5ngkofta &#8211; Ull Mohair Silke &#8211; Stickpaket"},"content":{"rendered":"<div class=\"tws-article-description--text-container\">\n<ul>\n<li>Storlek\n<ul>\n<li>S\/M ( L\/XL )<\/li>\n<\/ul>\n<\/li>\n<li>Garn\n<ul>\n<li>5 ( 5.5 ) hg Milledue\u00a0 &#8211; Sesia<\/li>\n<li>2 ( 2.25 ) hg Eiffel\u00a0 &#8211; Sesia<\/li>\n<li>0.25 hg ASTRA &#8211; Lang Yarns<\/li>\n<\/ul>\n<\/li>\n<li>Kvalit\u00e9\n<ul>\n<li>M -59 % Mohair\u00a0 41 % Organic Wool &#8211; 50 g \/ 60 m<\/li>\n<li>E &#8211; 70 % Kid Mohair\u00a0 30 % Shappe Silk &#8211; 25 g \/ 75 m<\/li>\n<li>A &#8211; 60 % Polyester\u00a0 40 % Polyamid &#8211; 25 g \/ 550 m<\/li>\n<\/ul>\n<\/li>\n<li>\u00a0M\u00e5tt\n<ul>\n<li>L\u00e4ngd 86 (90) cm m\u00e4tt fr\u00e5n axel<\/li>\n<li>Bredd 60 (60) cm<\/li>\n<li>\u00c4rm 36 (38) cm m\u00e4tt fr\u00e5n \u00e4rmh\u00e5l<\/li>\n<\/ul>\n<\/li>\n<li>Utskriven m\u00f6nsterinstruktion<\/li>\n<li>Tillval rundstickor Addi bambu nr 12 &#8211; 80 cm<\/li>\n<li>Knappar ing\u00e5r ej, du beh\u00f6ver 2 st knappar, 32 mm i diameter<\/li>\n<\/ul>\n<\/div>\n","protected":false},"excerpt":{"rendered":"<p class=\"\" data-start=\"144\" data-end=\"199\"><strong data-start=\"144\" data-end=\"199\">Roma \u2013 Lyxig l\u00e5ngkofta med vidd och glitterdetaljer<\/strong><\/p>\n<p class=\"\" data-start=\"201\" data-end=\"480\">Roma \u00e4r en elegant l\u00e5ngkofta med vidd nedtill och vida \u00e4rmar, designad f\u00f6r att ge b\u00e5de v\u00e4rme och stil. Den dubbelvikta kragen ger stadga upptill och den h\u00e4rliga blandningen av NOVA &#8211; mohair och ull och EIFE &#8211; mohairsilke,\u00a0 g\u00f6r koftan b\u00e5de mjuk och otroligt bekv\u00e4m.<\/p>\n<p class=\"\" data-start=\"482\" data-end=\"750\">Koftan stickas uppifr\u00e5n och ner med tv\u00e5 tr\u00e5dar, och har mosstickning vid \u00e4rmsluten, nederkant och knappsl\u00e5n, med en diskret glittertr\u00e5d som ger ett vackert\u00a0 skimmer. Perfekt f\u00f6r b\u00e5de vardag och fest, n\u00e4r du vill ha n\u00e5got mjukt och stilrent att svepa om dig. Du kan sy i tv\u00e5 knappar upptill eller f\u00e4sta ihop koftan med en brosch.<\/p>\n<p data-start=\"752\" data-end=\"826\"><strong>Design: Knit4u<\/strong><\/p>\n<p class=\"\" data-start=\"1037\" data-end=\"1125\">\n","protected":false},"featured_media":6494,"template":"","meta":{"site-sidebar-layout":"default","site-content-layout":"","ast-site-content-layout":"default","site-content-style":"default","site-sidebar-style":"default","ast-global-header-display":"","ast-banner-title-visibility":"","ast-main-header-display":"","ast-hfb-above-header-display":"","ast-hfb-below-header-display":"","ast-hfb-mobile-header-display":"","site-post-title":"","ast-breadcrumbs-content":"","ast-featured-img":"","footer-sml-layout":"","ast-disable-related-posts":"","theme-transparent-header-meta":"default","adv-header-id-meta":"","stick-header-meta":"","header-above-stick-meta":"","header-main-stick-meta":"","header-below-stick-meta":"","astra-migrate-meta-layouts":"set","ast-page-background-enabled":"default","ast-page-background-meta":{"desktop":{"background-color":"var(--ast-global-color-4)","background-image":"","background-repeat":"repeat","background-position":"center center","background-size":"auto","background-attachment":"scroll","background-type":"","background-media":"","overlay-type":"","overlay-color":"","overlay-opacity":"","overlay-gradient":""},"tablet":{"background-color":"","background-image":"","background-repeat":"repeat","background-position":"center center","background-size":"auto","background-attachment":"scroll","background-type":"","background-media":"","overlay-type":"","overlay-color":"","overlay-opacity":"","overlay-gradient":""},"mobile":{"background-color":"","background-image":"","background-repeat":"repeat","background-position":"center center","background-size":"auto","background-attachment":"scroll","background-type":"","background-media":"","overlay-type":"","overlay-color":"","overlay-opacity":"","overlay-gradient":""}},"ast-content-background-meta":{"desktop":{"background-color":"var(--ast-global-color-5)","background-image":"","background-repeat":"repeat","background-position":"center center","background-size":"auto","background-attachment":"scroll","background-type":"","background-media":"","overlay-type":"","overlay-color":"","overlay-opacity":"","overlay-gradient":""},"tablet":{"background-color":"var(--ast-global-color-5)","background-image":"","background-repeat":"repeat","background-position":"center center","background-size":"auto","background-attachment":"scroll","background-type":"","background-media":"","overlay-type":"","overlay-color":"","overlay-opacity":"","overlay-gradient":""},"mobile":{"background-color":"var(--ast-global-color-5)","background-image":"","background-repeat":"repeat","background-position":"center center","background-size":"auto","background-attachment":"scroll","background-type":"","background-media":"","overlay-type":"","overlay-color":"","overlay-opacity":"","overlay-gradient":""}}},"product_brand":[],"product_cat":[28,56],"product_tag":[371,53,354,249,234,355],"class_list":{"0":"post-6473","1":"product","2":"type-product","3":"status-publish","4":"has-post-thumbnail","6":"product_cat-kofta","7":"product_cat-stickpaket","8":"product_tag-eiffel","9":"product_tag-knit4u","10":"product_tag-milledue","11":"product_tag-mohair-ull","12":"product_tag-mohairsilke","13":"product_tag-sesia","14":"desktop-align-left","15":"tablet-align-left","16":"mobile-align-left","18":"first","19":"instock","20":"taxable","21":"shipping-taxable","22":"purchasable","23":"product-type-variable","24":"has-default-attributes"},"_links":{"self":[{"href":"https:\/\/knit4u.se\/sv_se\/wp-json\/wp\/v2\/product\/6473","targetHints":{"allow":["GET"]}}],"collection":[{"href":"https:\/\/knit4u.se\/sv_se\/wp-json\/wp\/v2\/product"}],"about":[{"href":"https:\/\/knit4u.se\/sv_se\/wp-json\/wp\/v2\/types\/product"}],"version-history":[{"count":11,"href":"https:\/\/knit4u.se\/sv_se\/wp-json\/wp\/v2\/product\/6473\/revisions"}],"predecessor-version":[{"id":9373,"href":"https:\/\/knit4u.se\/sv_se\/wp-json\/wp\/v2\/product\/6473\/revisions\/9373"}],"wp:featuredmedia":[{"embeddable":true,"href":"https:\/\/knit4u.se\/sv_se\/wp-json\/wp\/v2\/media\/6494"}],"wp:attachment":[{"href":"https:\/\/knit4u.se\/sv_se\/wp-json\/wp\/v2\/media?parent=6473"}],"wp:term":[{"taxonomy":"product_brand","embeddable":true,"href":"https:\/\/knit4u.se\/sv_se\/wp-json\/wp\/v2\/product_brand?post=6473"},{"taxonomy":"product_cat","embeddable":true,"href":"https:\/\/knit4u.se\/sv_se\/wp-json\/wp\/v2\/product_cat?post=6473"},{"taxonomy":"product_tag","embeddable":true,"href":"https:\/\/knit4u.se\/sv_se\/wp-json\/wp\/v2\/product_tag?post=6473"}],"curies":[{"name":"wp","href":"https:\/\/api.w.org\/{rel}","templated":true}]}}