{"id":7080,"date":"2025-03-27T16:44:01","date_gmt":"2025-03-27T15:44:01","guid":{"rendered":"https:\/\/knit4u.se\/?post_type=product&#038;p=7080"},"modified":"2026-02-10T16:41:53","modified_gmt":"2026-02-10T15:41:53","slug":"klara-kofta-mohairsilke-stickpaket","status":"publish","type":"product","link":"https:\/\/knit4u.se\/sv_se\/product\/klara-kofta-mohairsilke-stickpaket\/","title":{"rendered":"KLARA Kofta &#8211; Mohairsilke &#8211; Stickpaket"},"content":{"rendered":"<div class=\"tws-article-description--text-container\">\n<ul>\n<li>Storlek\n<ul>\n<li>S\/M ( M\/L )<\/li>\n<\/ul>\n<\/li>\n<li>Garn\n<ul>\n<li>1.5 ( 1.75 ) hg Eiffel &#8211;\u00a0 Sesia<\/li>\n<\/ul>\n<\/li>\n<li>Kvalit\u00e9\n<ul>\n<li>70 % Kid Mohair\u00a0 30 % Shappe Silk &#8211; 25 g \/ 75 m<\/li>\n<\/ul>\n<\/li>\n<li>M\u00e5tt\n<ul>\n<li>L\u00e4ngd 48 ( 54 ) cm<\/li>\n<li>Bredd 55 ( 62 ) cm<\/li>\n<\/ul>\n<\/li>\n<li>Utskriven m\u00f6nsterinstruktion<\/li>\n<li>Tillval \u00a0Addi bambu rundstickor nr 5.5 &#8211; 80 cm\n<div class=\"tws-article-description--text-container tws-article-description--show-full-description\">\n<div class=\"tws-article-description--text\"><\/div>\n<\/div>\n<\/li>\n<\/ul>\n<\/div>\n","protected":false},"excerpt":{"rendered":"<p class=\"\" data-start=\"157\" data-end=\"209\"><strong data-start=\"157\" data-end=\"202\">Klara \u2013 sommarens dr\u00f6mkofta i mohairsilke<\/strong><\/p>\n<p class=\"\" data-start=\"211\" data-end=\"528\">Klara \u00e4r en ljuvlig liten kofta som snabbt blir ett favoritplagg i sommargarderoben. Den stickas i v\u00e5rt mjukaste mohairsilke, Eiffel fr\u00e5n italienska Sesia, de fina rosetterna ger en romantisk och feminin touch. Den korta \u00e4rmen g\u00f6r den b\u00e5de sval och stilren \u2013 lika fin \u00f6ver en kl\u00e4nning som till ett par jeans f\u00f6r en mer avslappnad look.<\/p>\n<p class=\"\" data-start=\"530\" data-end=\"840\">Koftan stickas uppifr\u00e5n och ner i sl\u00e4tstickning med en tr\u00e5d Eiffel. Maskor f\u00f6r \u00e4rmar plockas upp l\u00e4ngs med \u00e4rmh\u00e5len och stickas runt, med 1 x1\u00a0 res\u00e5r nedtill och vid \u00e4rmsluten. En I-cord-kant l\u00e4ngs fmed ramstyckena ger en elegant avslutning, och rosetterna stickas med I-cord-teknik \u2013 sm\u00e5 detaljer som g\u00f6r stor skillnad.<\/p>\n<p class=\"\" data-start=\"842\" data-end=\"934\">En enkel stickning med ett romantiskt resultat \u2013 perfekt till sommarens alla festligheter!<\/p>\n<p class=\"\" data-start=\"936\" data-end=\"1012\"><strong data-start=\"936\" data-end=\"954\">Design: Knit4u<\/strong><\/p>\n","protected":false},"featured_media":7449,"template":"","meta":{"site-sidebar-layout":"default","site-content-layout":"","ast-site-content-layout":"default","site-content-style":"default","site-sidebar-style":"default","ast-global-header-display":"","ast-banner-title-visibility":"","ast-main-header-display":"","ast-hfb-above-header-display":"","ast-hfb-below-header-display":"","ast-hfb-mobile-header-display":"","site-post-title":"","ast-breadcrumbs-content":"","ast-featured-img":"","footer-sml-layout":"","ast-disable-related-posts":"","theme-transparent-header-meta":"default","adv-header-id-meta":"","stick-header-meta":"","header-above-stick-meta":"","header-main-stick-meta":"","header-below-stick-meta":"","astra-migrate-meta-layouts":"set","ast-page-background-enabled":"default","ast-page-background-meta":{"desktop":{"background-color":"var(--ast-global-color-4)","background-image":"","background-repeat":"repeat","background-position":"center center","background-size":"auto","background-attachment":"scroll","background-type":"","background-media":"","overlay-type":"","overlay-color":"","overlay-opacity":"","overlay-gradient":""},"tablet":{"background-color":"","background-image":"","background-repeat":"repeat","background-position":"center center","background-size":"auto","background-attachment":"scroll","background-type":"","background-media":"","overlay-type":"","overlay-color":"","overlay-opacity":"","overlay-gradient":""},"mobile":{"background-color":"","background-image":"","background-repeat":"repeat","background-position":"center center","background-size":"auto","background-attachment":"scroll","background-type":"","background-media":"","overlay-type":"","overlay-color":"","overlay-opacity":"","overlay-gradient":""}},"ast-content-background-meta":{"desktop":{"background-color":"var(--ast-global-color-5)","background-image":"","background-repeat":"repeat","background-position":"center center","background-size":"auto","background-attachment":"scroll","background-type":"","background-media":"","overlay-type":"","overlay-color":"","overlay-opacity":"","overlay-gradient":""},"tablet":{"background-color":"var(--ast-global-color-5)","background-image":"","background-repeat":"repeat","background-position":"center center","background-size":"auto","background-attachment":"scroll","background-type":"","background-media":"","overlay-type":"","overlay-color":"","overlay-opacity":"","overlay-gradient":""},"mobile":{"background-color":"var(--ast-global-color-5)","background-image":"","background-repeat":"repeat","background-position":"center center","background-size":"auto","background-attachment":"scroll","background-type":"","background-media":"","overlay-type":"","overlay-color":"","overlay-opacity":"","overlay-gradient":""}}},"product_brand":[],"product_cat":[28,56],"product_tag":[371,53,234,355],"class_list":{"0":"post-7080","1":"product","2":"type-product","3":"status-publish","4":"has-post-thumbnail","6":"product_cat-kofta","7":"product_cat-stickpaket","8":"product_tag-eiffel","9":"product_tag-knit4u","10":"product_tag-mohairsilke","11":"product_tag-sesia","12":"desktop-align-left","13":"tablet-align-left","14":"mobile-align-left","16":"first","17":"instock","18":"taxable","19":"shipping-taxable","20":"purchasable","21":"product-type-variable","22":"has-default-attributes"},"_links":{"self":[{"href":"https:\/\/knit4u.se\/sv_se\/wp-json\/wp\/v2\/product\/7080","targetHints":{"allow":["GET"]}}],"collection":[{"href":"https:\/\/knit4u.se\/sv_se\/wp-json\/wp\/v2\/product"}],"about":[{"href":"https:\/\/knit4u.se\/sv_se\/wp-json\/wp\/v2\/types\/product"}],"version-history":[{"count":13,"href":"https:\/\/knit4u.se\/sv_se\/wp-json\/wp\/v2\/product\/7080\/revisions"}],"predecessor-version":[{"id":9385,"href":"https:\/\/knit4u.se\/sv_se\/wp-json\/wp\/v2\/product\/7080\/revisions\/9385"}],"wp:featuredmedia":[{"embeddable":true,"href":"https:\/\/knit4u.se\/sv_se\/wp-json\/wp\/v2\/media\/7449"}],"wp:attachment":[{"href":"https:\/\/knit4u.se\/sv_se\/wp-json\/wp\/v2\/media?parent=7080"}],"wp:term":[{"taxonomy":"product_brand","embeddable":true,"href":"https:\/\/knit4u.se\/sv_se\/wp-json\/wp\/v2\/product_brand?post=7080"},{"taxonomy":"product_cat","embeddable":true,"href":"https:\/\/knit4u.se\/sv_se\/wp-json\/wp\/v2\/product_cat?post=7080"},{"taxonomy":"product_tag","embeddable":true,"href":"https:\/\/knit4u.se\/sv_se\/wp-json\/wp\/v2\/product_tag?post=7080"}],"curies":[{"name":"wp","href":"https:\/\/api.w.org\/{rel}","templated":true}]}}