{"id":9716,"date":"2026-03-26T12:56:17","date_gmt":"2026-03-26T11:56:17","guid":{"rendered":"https:\/\/knit4u.se\/?post_type=product&#038;p=9716"},"modified":"2026-03-26T18:20:57","modified_gmt":"2026-03-26T17:20:57","slug":"mora-kofta-gotlandsull-stickpaket","status":"publish","type":"product","link":"https:\/\/knit4u.se\/sv_se\/product\/mora-kofta-gotlandsull-stickpaket\/","title":{"rendered":"MORA &#8211; Kofta &#8211; Gotlandsull &#8211; Stickpaket"},"content":{"rendered":"<ul>\n<li style=\"font-size: 16px;\">Storlek\n<ul>\n<li style=\"font-size: 16px;\">\u00a0S\u00a0 ( M ) L<\/li>\n<\/ul>\n<\/li>\n<li style=\"font-size: 16px;\">Garn\n<ul>\n<li style=\"font-size: 16px;\">3 + 1 ( 3 + 1 ) 4 + 1 hg F\u00c5R\u00d6 &#8211; Knit4u<\/li>\n<\/ul>\n<\/li>\n<li>\u00a0Kvalit\u00e9\n<ul>\n<li>70 % Gotland Wool\u00a0 30 % Falkland Merino &#8211; 100 g \/ 300 m<\/li>\n<\/ul>\n<\/li>\n<li>\u00a0M\u00e5tt\n<ul>\n<li>L\u00e4ngd 52\u00a0 ( 55 ) 58 cm<\/li>\n<li>Bredd ok 47 ( 50 ) 56 cm<\/li>\n<li>\u00c4rml\u00e4ngd fr\u00e5n \u00e4rmh\u00e5l 40\u00a0 ( 41 ) 42 cm<\/li>\n<\/ul>\n<\/li>\n<li>Utskriven m\u00f6nsterinstruktion<\/li>\n<li>Tillval rundstickor Addi bambu nr 4.5 &#8211; 80 cm, nr 5 &#8211;\u00a0 80 cm<\/li>\n<\/ul>\n<p>&nbsp;<\/p>\n","protected":false},"excerpt":{"rendered":"<p class=\"\" data-start=\"98\" data-end=\"701\"><strong data-start=\"98\" data-end=\"155\">Mora Kofta\u2013 Kul m\u00f6nsterstickning i v\u00e5rt fina F\u00e5r\u00f6 garn<\/strong><br data-start=\"155\" data-end=\"158\" \/>Mora stickas i v\u00e5rt fina entr\u00e5diga garn F\u00e5r\u00f6 \u2013 en mjuk och luftig blandning av Gotlandsull och Merinoull. Koftan f\u00e5r en vacker ullig yta efter tv\u00e4tt och blir b\u00e5de l\u00e4tt, f\u00f6ljsam och otroligt sk\u00f6n att b\u00e4ra. Du stickar den uppifr\u00e5n och ner p\u00e5 rundsticka, fram och tillbaka. \u00c4rmarna stickas \u00e4ven de fram och tillbaka och sys sedan ihop. Dubbelstickad framkant samt nedtill p\u00e5 koftan och vid \u00e4rmslut. Du l\u00e4gger upp maskor med italiensk uppl\u00e4ggning och avsluter med italiensk avmaskning. Blir snygga runda kanter, vilket ger koftan ett elegant uttryck. Enkel och kul m\u00f6nsterstickning, d\u00e4r det ljusgr\u00e5 garnet st\u00e5r sig fint mot de m\u00f6rkare kul\u00f6rerna.\u00a0 En tidl\u00f6s tr\u00f6ja som snabbt blir en favorit. Paula b\u00e4r F\u00e5r\u00f6 Grafit med ljusgr\u00e5 strl S.<\/p>\n<p data-start=\"98\" data-end=\"701\">De m\u00f6rkare kul\u00f6rerna utg\u00f6r bottenf\u00e4rgen och m\u00f6nstret \u00e4r i ljusgr\u00e5tt.<\/p>\n<p data-start=\"98\" data-end=\"701\">\u00d6nskar du en annan f\u00e4rgst\u00e4llning? Kontakta oss p\u00e5 info@Knit4u.se.<\/p>\n<p class=\"\" data-start=\"98\" data-end=\"701\"><strong>Design: Monica Taberman<\/strong><\/p>\n","protected":false},"featured_media":9738,"template":"","meta":{"site-sidebar-layout":"default","site-content-layout":"","ast-site-content-layout":"default","site-content-style":"default","site-sidebar-style":"default","ast-global-header-display":"","ast-banner-title-visibility":"","ast-main-header-display":"","ast-hfb-above-header-display":"","ast-hfb-below-header-display":"","ast-hfb-mobile-header-display":"","site-post-title":"","ast-breadcrumbs-content":"","ast-featured-img":"","footer-sml-layout":"","ast-disable-related-posts":"","theme-transparent-header-meta":"default","adv-header-id-meta":"","stick-header-meta":"","header-above-stick-meta":"","header-main-stick-meta":"","header-below-stick-meta":"","astra-migrate-meta-layouts":"set","ast-page-background-enabled":"default","ast-page-background-meta":{"desktop":{"background-color":"var(--ast-global-color-4)","background-image":"","background-repeat":"repeat","background-position":"center center","background-size":"auto","background-attachment":"scroll","background-type":"","background-media":"","overlay-type":"","overlay-color":"","overlay-opacity":"","overlay-gradient":""},"tablet":{"background-color":"","background-image":"","background-repeat":"repeat","background-position":"center center","background-size":"auto","background-attachment":"scroll","background-type":"","background-media":"","overlay-type":"","overlay-color":"","overlay-opacity":"","overlay-gradient":""},"mobile":{"background-color":"","background-image":"","background-repeat":"repeat","background-position":"center center","background-size":"auto","background-attachment":"scroll","background-type":"","background-media":"","overlay-type":"","overlay-color":"","overlay-opacity":"","overlay-gradient":""}},"ast-content-background-meta":{"desktop":{"background-color":"var(--ast-global-color-5)","background-image":"","background-repeat":"repeat","background-position":"center center","background-size":"auto","background-attachment":"scroll","background-type":"","background-media":"","overlay-type":"","overlay-color":"","overlay-opacity":"","overlay-gradient":""},"tablet":{"background-color":"var(--ast-global-color-5)","background-image":"","background-repeat":"repeat","background-position":"center center","background-size":"auto","background-attachment":"scroll","background-type":"","background-media":"","overlay-type":"","overlay-color":"","overlay-opacity":"","overlay-gradient":""},"mobile":{"background-color":"var(--ast-global-color-5)","background-image":"","background-repeat":"repeat","background-position":"center center","background-size":"auto","background-attachment":"scroll","background-type":"","background-media":"","overlay-type":"","overlay-color":"","overlay-opacity":"","overlay-gradient":""}}},"product_brand":[],"product_cat":[28,56],"product_tag":[142,135,200],"class_list":{"0":"post-9716","1":"product","2":"type-product","3":"status-publish","4":"has-post-thumbnail","6":"product_cat-kofta","7":"product_cat-stickpaket","8":"product_tag-faro","9":"product_tag-gotlandsull","10":"product_tag-monica","11":"desktop-align-left","12":"tablet-align-left","13":"mobile-align-left","15":"first","16":"instock","17":"taxable","18":"shipping-taxable","19":"purchasable","20":"product-type-variable","21":"has-default-attributes"},"_links":{"self":[{"href":"https:\/\/knit4u.se\/sv_se\/wp-json\/wp\/v2\/product\/9716","targetHints":{"allow":["GET"]}}],"collection":[{"href":"https:\/\/knit4u.se\/sv_se\/wp-json\/wp\/v2\/product"}],"about":[{"href":"https:\/\/knit4u.se\/sv_se\/wp-json\/wp\/v2\/types\/product"}],"version-history":[{"count":8,"href":"https:\/\/knit4u.se\/sv_se\/wp-json\/wp\/v2\/product\/9716\/revisions"}],"predecessor-version":[{"id":9752,"href":"https:\/\/knit4u.se\/sv_se\/wp-json\/wp\/v2\/product\/9716\/revisions\/9752"}],"wp:featuredmedia":[{"embeddable":true,"href":"https:\/\/knit4u.se\/sv_se\/wp-json\/wp\/v2\/media\/9738"}],"wp:attachment":[{"href":"https:\/\/knit4u.se\/sv_se\/wp-json\/wp\/v2\/media?parent=9716"}],"wp:term":[{"taxonomy":"product_brand","embeddable":true,"href":"https:\/\/knit4u.se\/sv_se\/wp-json\/wp\/v2\/product_brand?post=9716"},{"taxonomy":"product_cat","embeddable":true,"href":"https:\/\/knit4u.se\/sv_se\/wp-json\/wp\/v2\/product_cat?post=9716"},{"taxonomy":"product_tag","embeddable":true,"href":"https:\/\/knit4u.se\/sv_se\/wp-json\/wp\/v2\/product_tag?post=9716"}],"curies":[{"name":"wp","href":"https:\/\/api.w.org\/{rel}","templated":true}]}}