{"id":9753,"date":"2026-03-26T18:22:18","date_gmt":"2026-03-26T17:22:18","guid":{"rendered":"https:\/\/knit4u.se\/?post_type=product&#038;p=9753"},"modified":"2026-04-16T09:16:11","modified_gmt":"2026-04-16T08:16:11","slug":"bea-kofta-ull-mohair-stickpaket","status":"publish","type":"product","link":"https:\/\/knit4u.se\/sv_se\/product\/bea-kofta-ull-mohair-stickpaket\/","title":{"rendered":"BEA Kofta &#8211; Ull Mohair &#8211; Stickpaket"},"content":{"rendered":"<div class=\"tws-article-description--text-container\">\n<ul>\n<li>Storlek\n<ul>\n<li>One size<\/li>\n<\/ul>\n<\/li>\n<li>Garn\n<ul>\n<li>Milledue &#8211; Manifatture Sesia\n<ul>\n<li>Basf\u00e4rg &#8211; 4\u00a0 hg<\/li>\n<li>Rand 1 &#8211; 50 g<\/li>\n<li>Rand 2 &#8211; 5o g<\/li>\n<\/ul>\n<\/li>\n<\/ul>\n<\/li>\n<li>Kvalit\u00e9\n<ul>\n<li>\u00a059 % Mohair\u00a0 \u00a041 % Organic Wool &#8211; 50 g \/ 60 m<\/li>\n<\/ul>\n<\/li>\n<li>M\u00e5tt\n<ul>\n<li>L\u00e4ngd 55\u00a0 cm m\u00e4tt fr\u00e5n axel<\/li>\n<li>Bredd 62\u00a0 cm<\/li>\n<li>\u00c4rm m\u00e4tt fr\u00e5n \u00e4rmh\u00e5l\u00a0 34\u00a0 cm<\/li>\n<\/ul>\n<\/li>\n<li>Utskriven m\u00f6nsterinstruktion<\/li>\n<li>Tillval rundstickor Addi bambu nr 8 &#8211; 40 cm + 80 cm<\/li>\n<\/ul>\n<\/div>\n","protected":false},"excerpt":{"rendered":"<p class=\"\" data-start=\"116\" data-end=\"156\"><strong data-start=\"116\" data-end=\"156\">Bea kofta \u2013 Fluffig dr\u00f6m i mohair och ull<\/strong><\/p>\n<p class=\"\" data-start=\"158\" data-end=\"412\">Bea koftan \u00e4r n\u00e5got gener\u00f6sare i passformen och har vida raka \u00e4rmar. Stickas med en tr\u00e5d Milledue, ett fantastiskt mjukt och fluffigt mohair\/ullgarn fr\u00e5n italienska Sesia. Du stickar koftan uppifr\u00e5n och ner p\u00e5 stickor nr 8 i sl\u00e4tstickning. Raglan \u00e4rm, ribbstickning upptill, nedtill och vid \u00e4rmsluten. Enkel och kul stickning som ger ett dig en h\u00e4rlig gosig kofta. N\u00e4r koftan \u00e4r f\u00e4rdig och alla tr\u00e5darna f\u00e4sta, tar du och fluffar upp den med en hundborste sk. karda f\u00f6r att f\u00e5 den ulliga finish som du ser p\u00e5 bilden.<\/p>\n<p class=\"\" data-start=\"158\" data-end=\"412\">F\u00e4rgvalen som finns \u00e4r<\/p>\n<ul>\n<li data-start=\"158\" data-end=\"412\">Sky men beige och vit rand<\/li>\n<li data-start=\"158\" data-end=\"412\">Sand med syren och rost rand<\/li>\n<li data-start=\"158\" data-end=\"412\">Marin med jeans och isbl\u00e5 rand<\/li>\n<\/ul>\n<p class=\"\" data-start=\"679\" data-end=\"753\">Paula b\u00e4r koftan <em>Sky &#8211; <\/em>M \/ L.<\/p>\n<p data-start=\"679\" data-end=\"753\"><strong>Design: Knit4u<\/strong><\/p>\n<p>&nbsp;<\/p>\n","protected":false},"featured_media":9773,"template":"","meta":{"site-sidebar-layout":"default","site-content-layout":"","ast-site-content-layout":"default","site-content-style":"default","site-sidebar-style":"default","ast-global-header-display":"","ast-banner-title-visibility":"","ast-main-header-display":"","ast-hfb-above-header-display":"","ast-hfb-below-header-display":"","ast-hfb-mobile-header-display":"","site-post-title":"","ast-breadcrumbs-content":"","ast-featured-img":"","footer-sml-layout":"","ast-disable-related-posts":"","theme-transparent-header-meta":"default","adv-header-id-meta":"","stick-header-meta":"","header-above-stick-meta":"","header-main-stick-meta":"","header-below-stick-meta":"","astra-migrate-meta-layouts":"set","ast-page-background-enabled":"default","ast-page-background-meta":{"desktop":{"background-color":"var(--ast-global-color-4)","background-image":"","background-repeat":"repeat","background-position":"center center","background-size":"auto","background-attachment":"scroll","background-type":"","background-media":"","overlay-type":"","overlay-color":"","overlay-opacity":"","overlay-gradient":""},"tablet":{"background-color":"","background-image":"","background-repeat":"repeat","background-position":"center center","background-size":"auto","background-attachment":"scroll","background-type":"","background-media":"","overlay-type":"","overlay-color":"","overlay-opacity":"","overlay-gradient":""},"mobile":{"background-color":"","background-image":"","background-repeat":"repeat","background-position":"center center","background-size":"auto","background-attachment":"scroll","background-type":"","background-media":"","overlay-type":"","overlay-color":"","overlay-opacity":"","overlay-gradient":""}},"ast-content-background-meta":{"desktop":{"background-color":"var(--ast-global-color-5)","background-image":"","background-repeat":"repeat","background-position":"center center","background-size":"auto","background-attachment":"scroll","background-type":"","background-media":"","overlay-type":"","overlay-color":"","overlay-opacity":"","overlay-gradient":""},"tablet":{"background-color":"var(--ast-global-color-5)","background-image":"","background-repeat":"repeat","background-position":"center center","background-size":"auto","background-attachment":"scroll","background-type":"","background-media":"","overlay-type":"","overlay-color":"","overlay-opacity":"","overlay-gradient":""},"mobile":{"background-color":"var(--ast-global-color-5)","background-image":"","background-repeat":"repeat","background-position":"center center","background-size":"auto","background-attachment":"scroll","background-type":"","background-media":"","overlay-type":"","overlay-color":"","overlay-opacity":"","overlay-gradient":""}}},"product_brand":[],"product_cat":[28,56],"product_tag":[378,354,249,355],"class_list":{"0":"post-9753","1":"product","2":"type-product","3":"status-publish","4":"has-post-thumbnail","6":"product_cat-kofta","7":"product_cat-stickpaket","8":"product_tag-design-knit4u","9":"product_tag-milledue","10":"product_tag-mohair-ull","11":"product_tag-sesia","12":"desktop-align-left","13":"tablet-align-left","14":"mobile-align-left","16":"first","17":"instock","18":"taxable","19":"shipping-taxable","20":"purchasable","21":"product-type-variable"},"_links":{"self":[{"href":"https:\/\/knit4u.se\/sv_se\/wp-json\/wp\/v2\/product\/9753","targetHints":{"allow":["GET"]}}],"collection":[{"href":"https:\/\/knit4u.se\/sv_se\/wp-json\/wp\/v2\/product"}],"about":[{"href":"https:\/\/knit4u.se\/sv_se\/wp-json\/wp\/v2\/types\/product"}],"version-history":[{"count":11,"href":"https:\/\/knit4u.se\/sv_se\/wp-json\/wp\/v2\/product\/9753\/revisions"}],"predecessor-version":[{"id":9994,"href":"https:\/\/knit4u.se\/sv_se\/wp-json\/wp\/v2\/product\/9753\/revisions\/9994"}],"wp:featuredmedia":[{"embeddable":true,"href":"https:\/\/knit4u.se\/sv_se\/wp-json\/wp\/v2\/media\/9773"}],"wp:attachment":[{"href":"https:\/\/knit4u.se\/sv_se\/wp-json\/wp\/v2\/media?parent=9753"}],"wp:term":[{"taxonomy":"product_brand","embeddable":true,"href":"https:\/\/knit4u.se\/sv_se\/wp-json\/wp\/v2\/product_brand?post=9753"},{"taxonomy":"product_cat","embeddable":true,"href":"https:\/\/knit4u.se\/sv_se\/wp-json\/wp\/v2\/product_cat?post=9753"},{"taxonomy":"product_tag","embeddable":true,"href":"https:\/\/knit4u.se\/sv_se\/wp-json\/wp\/v2\/product_tag?post=9753"}],"curies":[{"name":"wp","href":"https:\/\/api.w.org\/{rel}","templated":true}]}}