{"id":9780,"date":"2026-03-26T19:44:58","date_gmt":"2026-03-26T18:44:58","guid":{"rendered":"https:\/\/knit4u.se\/?post_type=product&#038;p=9780"},"modified":"2026-04-14T11:04:34","modified_gmt":"2026-04-14T10:04:34","slug":"bitten-troja-mohairsilke-stickpaket","status":"publish","type":"product","link":"https:\/\/knit4u.se\/sv_se\/product\/bitten-troja-mohairsilke-stickpaket\/","title":{"rendered":"BITTEN Tr\u00f6ja &#8211; Mohairsilke &#8211; Stickpaket"},"content":{"rendered":"<ul>\n<li style=\"font-size: 16px;\">Storlek\n<ul>\n<li style=\"font-size: 16px;\">S ( M ) L<\/li>\n<\/ul>\n<\/li>\n<li style=\"font-size: 16px;\">Garn\n<ul>\n<li style=\"font-size: 16px;\">1 ( 1 ) 1.25 hg Mohair Luxe &#8211; LangYarns<\/li>\n<\/ul>\n<\/li>\n<li>Kvalit\u00e9\n<ul>\n<li>\u00a077 % Super Kid Mohair 23 % Silke &#8211; 25 g \/ 175 m<\/li>\n<\/ul>\n<\/li>\n<li>\u00a0M\u00e5tt\n<ul>\n<li>L\u00e4ngd 54 ( 58 ) 62 cm<\/li>\n<li>Bredd 44 ( 48 ) 52 cm<\/li>\n<li>\u00c4rm 50 ( 52 ) 54 cm<\/li>\n<\/ul>\n<\/li>\n<li>Utskriven m\u00f6nsterinstruktion<\/li>\n<li>Tillval rundstickor Addi bambu nr 5 &#8211; 40 cm , nr 5 &#8211; 80 cm<\/li>\n<\/ul>\n","protected":false},"excerpt":{"rendered":"<div>\n<p class=\"\" data-start=\"101\" data-end=\"152\"><strong data-start=\"101\" data-end=\"152\">Bitten &#8211; Skir tr\u00f6ja i finaste silkemohair<\/strong><\/p>\n<p class=\"\" data-start=\"154\" data-end=\"407\">Bitten \u00e4r en tunn tr\u00f6ja i klassiskt snitt med l\u00e5nga \u00e4rmar. Tr\u00f6jan stickas uppifr\u00e5n och ner i sl\u00e4tstickning med en tr\u00e5d silkemohair av finaste kvalit\u00e9 fr\u00e5n Lang Yarns. Raka raglan\u00e4rmar med dekorativ bredare avslutande stickning i aviga maskor. Rund lite vidare halsringning med ribbstickning och nedtill n\u00e5gra varv av r\u00e4ta och aviga maskor. Tr\u00f6jan \u00e4r s\u00e5 mjuk och b\u00e4rs med f\u00f6rdel med ett linne inunder.<\/p>\n<p class=\"\" data-start=\"619\" data-end=\"699\">Enkel stickning p\u00e5 rundsticka i ett garn av finaste kvalit\u00e9. Ingen montering, stickas i ett stycke.<\/p>\n<\/div>\n<div>\n<p class=\"\" data-start=\"879\" data-end=\"957\"><strong>Design: Knit4u<\/strong><\/p>\n<\/div>\n<p>&nbsp;<\/p>\n","protected":false},"featured_media":9802,"template":"","meta":{"site-sidebar-layout":"default","site-content-layout":"","ast-site-content-layout":"default","site-content-style":"default","site-sidebar-style":"default","ast-global-header-display":"","ast-banner-title-visibility":"","ast-main-header-display":"","ast-hfb-above-header-display":"","ast-hfb-below-header-display":"","ast-hfb-mobile-header-display":"","site-post-title":"","ast-breadcrumbs-content":"","ast-featured-img":"","footer-sml-layout":"","ast-disable-related-posts":"","theme-transparent-header-meta":"default","adv-header-id-meta":"","stick-header-meta":"","header-above-stick-meta":"","header-main-stick-meta":"","header-below-stick-meta":"","astra-migrate-meta-layouts":"set","ast-page-background-enabled":"default","ast-page-background-meta":{"desktop":{"background-color":"var(--ast-global-color-4)","background-image":"","background-repeat":"repeat","background-position":"center center","background-size":"auto","background-attachment":"scroll","background-type":"","background-media":"","overlay-type":"","overlay-color":"","overlay-opacity":"","overlay-gradient":""},"tablet":{"background-color":"","background-image":"","background-repeat":"repeat","background-position":"center center","background-size":"auto","background-attachment":"scroll","background-type":"","background-media":"","overlay-type":"","overlay-color":"","overlay-opacity":"","overlay-gradient":""},"mobile":{"background-color":"","background-image":"","background-repeat":"repeat","background-position":"center center","background-size":"auto","background-attachment":"scroll","background-type":"","background-media":"","overlay-type":"","overlay-color":"","overlay-opacity":"","overlay-gradient":""}},"ast-content-background-meta":{"desktop":{"background-color":"var(--ast-global-color-5)","background-image":"","background-repeat":"repeat","background-position":"center center","background-size":"auto","background-attachment":"scroll","background-type":"","background-media":"","overlay-type":"","overlay-color":"","overlay-opacity":"","overlay-gradient":""},"tablet":{"background-color":"var(--ast-global-color-5)","background-image":"","background-repeat":"repeat","background-position":"center center","background-size":"auto","background-attachment":"scroll","background-type":"","background-media":"","overlay-type":"","overlay-color":"","overlay-opacity":"","overlay-gradient":""},"mobile":{"background-color":"var(--ast-global-color-5)","background-image":"","background-repeat":"repeat","background-position":"center center","background-size":"auto","background-attachment":"scroll","background-type":"","background-media":"","overlay-type":"","overlay-color":"","overlay-opacity":"","overlay-gradient":""}}},"product_brand":[],"product_cat":[56,27],"product_tag":[53,364,298,234],"class_list":{"0":"post-9780","1":"product","2":"type-product","3":"status-publish","4":"has-post-thumbnail","6":"product_cat-stickpaket","7":"product_cat-troja","8":"product_tag-knit4u","9":"product_tag-lang-yarns","10":"product_tag-mohair-luxe","11":"product_tag-mohairsilke","12":"desktop-align-left","13":"tablet-align-left","14":"mobile-align-left","16":"first","17":"instock","18":"taxable","19":"shipping-taxable","20":"purchasable","21":"product-type-variable","22":"has-default-attributes"},"_links":{"self":[{"href":"https:\/\/knit4u.se\/sv_se\/wp-json\/wp\/v2\/product\/9780","targetHints":{"allow":["GET"]}}],"collection":[{"href":"https:\/\/knit4u.se\/sv_se\/wp-json\/wp\/v2\/product"}],"about":[{"href":"https:\/\/knit4u.se\/sv_se\/wp-json\/wp\/v2\/types\/product"}],"version-history":[{"count":4,"href":"https:\/\/knit4u.se\/sv_se\/wp-json\/wp\/v2\/product\/9780\/revisions"}],"predecessor-version":[{"id":9806,"href":"https:\/\/knit4u.se\/sv_se\/wp-json\/wp\/v2\/product\/9780\/revisions\/9806"}],"wp:featuredmedia":[{"embeddable":true,"href":"https:\/\/knit4u.se\/sv_se\/wp-json\/wp\/v2\/media\/9802"}],"wp:attachment":[{"href":"https:\/\/knit4u.se\/sv_se\/wp-json\/wp\/v2\/media?parent=9780"}],"wp:term":[{"taxonomy":"product_brand","embeddable":true,"href":"https:\/\/knit4u.se\/sv_se\/wp-json\/wp\/v2\/product_brand?post=9780"},{"taxonomy":"product_cat","embeddable":true,"href":"https:\/\/knit4u.se\/sv_se\/wp-json\/wp\/v2\/product_cat?post=9780"},{"taxonomy":"product_tag","embeddable":true,"href":"https:\/\/knit4u.se\/sv_se\/wp-json\/wp\/v2\/product_tag?post=9780"}],"curies":[{"name":"wp","href":"https:\/\/api.w.org\/{rel}","templated":true}]}}