{"id":9808,"date":"2026-03-26T21:19:15","date_gmt":"2026-03-26T20:19:15","guid":{"rendered":"https:\/\/knit4u.se\/?post_type=product&#038;p=9808"},"modified":"2026-03-30T12:32:58","modified_gmt":"2026-03-30T11:32:58","slug":"star-troja-ull-mohair-silke-glitter-stickpaket","status":"publish","type":"product","link":"https:\/\/knit4u.se\/sv_se\/product\/star-troja-ull-mohair-silke-glitter-stickpaket\/","title":{"rendered":"STAR Tr\u00f6ja- Ull Mohair Silke Glitter &#8211; Stickpaket"},"content":{"rendered":"<div class=\"tws-article-description--text-container\">\n<ul>\n<li>Storlek\n<ul>\n<li>S\/M ( M \/ L )<\/li>\n<\/ul>\n<\/li>\n<li>Garn\n<ul>\n<li>3.5 ( 4.5 ) hg Milledue &#8211; Sesia<\/li>\n<li>1.5 ( 1.75 ) hg Eiffel &#8211; Sesia<\/li>\n<li>0.25 ( 0.25 ) hg Astra &#8211;\u00a0 LangYarns<\/li>\n<\/ul>\n<\/li>\n<li>Kvalit\u00e9\n<ul>\n<li>M &#8211; 59 % Mohair &#8211; 41 % Merino Wool &#8211; 50 g \/ 60 m<\/li>\n<li>E &#8211; 70 % Kid Mohair &#8211; 30 % Mulberry silk &#8211; 25 g \/\u00a0 75 m<\/li>\n<li>A &#8211; 60 % Polyester &#8211; 40 % Polyamid &#8211; 25 g \/ 550 m<\/li>\n<\/ul>\n<\/li>\n<li>\u00a0M\u00e5tt\n<ul>\n<li>L\u00e4ngd 54 ( 59 ) cm m\u00e4tt fr\u00e5n axel<\/li>\n<li>Bredd 52 ( 56 ) cm<\/li>\n<li>\u00c4rm 40 ( 50 ) cm m\u00e4tt fr\u00e5n \u00e4rmh\u00e5l<\/li>\n<\/ul>\n<\/li>\n<li>Utskriven m\u00f6nsterinstruktion<\/li>\n<li>Tillval rundstickor Addi bambu nr 12 &#8211; 80 cm + metall nr 12 &#8211; 40 cm<\/li>\n<\/ul>\n<\/div>\n","protected":false},"excerpt":{"rendered":"<p data-start=\"58\" data-end=\"101\"><strong data-start=\"58\" data-end=\"101\">STAR TR\u00d6JA \u2013 varm, l\u00e4tt och lyxigt mjuk<\/strong><\/p>\n<p data-start=\"103\" data-end=\"336\">Star \u00e4r en sk\u00f6n och mjuk tr\u00f6ja f\u00f6r kyliga sommarkv\u00e4llar. Den har en ledig, rak form med liten krage och raglan\u00e4rm. Tr\u00f6jan stickas i sl\u00e4tstickning med ribbstickning nedtill, och en I-cordkant avslutar de raka, n\u00e5got avrundade \u00e4rmarna.<\/p>\n<p data-start=\"338\" data-end=\"535\">Inspirationen till tr\u00f6jan kommer fr\u00e5n de vackra stj\u00e4rnorna som glittrar p\u00e5 himlavalvet. En tunn, glittrig tr\u00e5d stickas med nedtill p\u00e5 tr\u00f6jan och vid \u00e4rmsluten f\u00f6r att skapa en effekt av stj\u00e4rnfall.<\/p>\n<p data-start=\"537\" data-end=\"829\">Tr\u00f6jan stickas uppifr\u00e5n och ner i det mjuka och fylliga Milledue (mohair\/ull) och det silkigt glansiga Eiffel (mohair\/silke) \u2013 b\u00e5da fr\u00e5n italienska Sesia \u2013 Italy Yarns. Den \u00e4r varm utan att k\u00e4nnas tung och otroligt mjuk mot huden. Ingen montering beh\u00f6vs, eftersom tr\u00f6jan stickas i ett stycke. F\u00f6r den extra fluffiga finishen borstar du upp tr\u00f6jan med en hundkarda, s\u00e5 att mohairen luft upp.<\/p>\n<p data-start=\"831\" data-end=\"971\"><strong data-start=\"831\" data-end=\"842\">F\u00e4rgval<\/strong><br data-start=\"842\" data-end=\"845\" \/><strong data-start=\"845\" data-end=\"856\">Midnatt<\/strong> \u2013 en tr\u00e5d svart Milledue och en tr\u00e5d bl\u00e5 Eiffel och Astra i silver f\u00f6r en glittrande effekt<br data-start=\"904\" data-end=\"907\" \/><strong data-start=\"907\" data-end=\"918\">Isfrost<\/strong> \u2013 en tr\u00e5d naturvit Milledue och en tr\u00e5d isbl\u00e5 Eiffel och Astra i silver f\u00f6r en glittrande effekt<\/p>\n<p data-start=\"973\" data-end=\"1008\"><strong data-start=\"973\" data-end=\"992\">Sv\u00e5righetsgrad:<\/strong> enkel stickning<\/p>\n<p data-start=\"1010\" data-end=\"1028\"><strong data-start=\"1010\" data-end=\"1021\">Design:<\/strong> Knit4u<\/p>\n","protected":false},"featured_media":9820,"template":"","meta":{"site-sidebar-layout":"default","site-content-layout":"","ast-site-content-layout":"default","site-content-style":"default","site-sidebar-style":"default","ast-global-header-display":"","ast-banner-title-visibility":"","ast-main-header-display":"","ast-hfb-above-header-display":"","ast-hfb-below-header-display":"","ast-hfb-mobile-header-display":"","site-post-title":"","ast-breadcrumbs-content":"","ast-featured-img":"","footer-sml-layout":"","ast-disable-related-posts":"","theme-transparent-header-meta":"default","adv-header-id-meta":"","stick-header-meta":"","header-above-stick-meta":"","header-main-stick-meta":"","header-below-stick-meta":"","astra-migrate-meta-layouts":"set","ast-page-background-enabled":"default","ast-page-background-meta":{"desktop":{"background-color":"var(--ast-global-color-4)","background-image":"","background-repeat":"repeat","background-position":"center center","background-size":"auto","background-attachment":"scroll","background-type":"","background-media":"","overlay-type":"","overlay-color":"","overlay-opacity":"","overlay-gradient":""},"tablet":{"background-color":"","background-image":"","background-repeat":"repeat","background-position":"center center","background-size":"auto","background-attachment":"scroll","background-type":"","background-media":"","overlay-type":"","overlay-color":"","overlay-opacity":"","overlay-gradient":""},"mobile":{"background-color":"","background-image":"","background-repeat":"repeat","background-position":"center center","background-size":"auto","background-attachment":"scroll","background-type":"","background-media":"","overlay-type":"","overlay-color":"","overlay-opacity":"","overlay-gradient":""}},"ast-content-background-meta":{"desktop":{"background-color":"var(--ast-global-color-5)","background-image":"","background-repeat":"repeat","background-position":"center center","background-size":"auto","background-attachment":"scroll","background-type":"","background-media":"","overlay-type":"","overlay-color":"","overlay-opacity":"","overlay-gradient":""},"tablet":{"background-color":"var(--ast-global-color-5)","background-image":"","background-repeat":"repeat","background-position":"center center","background-size":"auto","background-attachment":"scroll","background-type":"","background-media":"","overlay-type":"","overlay-color":"","overlay-opacity":"","overlay-gradient":""},"mobile":{"background-color":"var(--ast-global-color-5)","background-image":"","background-repeat":"repeat","background-position":"center center","background-size":"auto","background-attachment":"scroll","background-type":"","background-media":"","overlay-type":"","overlay-color":"","overlay-opacity":"","overlay-gradient":""}}},"product_brand":[],"product_cat":[56,27],"product_tag":[378,371,364,354,382,234,355],"class_list":{"0":"post-9808","1":"product","2":"type-product","3":"status-publish","4":"has-post-thumbnail","6":"product_cat-stickpaket","7":"product_cat-troja","8":"product_tag-design-knit4u","9":"product_tag-eiffel","10":"product_tag-lang-yarns","11":"product_tag-milledue","12":"product_tag-mohair-merino","13":"product_tag-mohairsilke","14":"product_tag-sesia","15":"desktop-align-left","16":"tablet-align-left","17":"mobile-align-left","19":"first","20":"instock","21":"taxable","22":"shipping-taxable","23":"purchasable","24":"product-type-variable","25":"has-default-attributes"},"_links":{"self":[{"href":"https:\/\/knit4u.se\/sv_se\/wp-json\/wp\/v2\/product\/9808","targetHints":{"allow":["GET"]}}],"collection":[{"href":"https:\/\/knit4u.se\/sv_se\/wp-json\/wp\/v2\/product"}],"about":[{"href":"https:\/\/knit4u.se\/sv_se\/wp-json\/wp\/v2\/types\/product"}],"version-history":[{"count":4,"href":"https:\/\/knit4u.se\/sv_se\/wp-json\/wp\/v2\/product\/9808\/revisions"}],"predecessor-version":[{"id":9826,"href":"https:\/\/knit4u.se\/sv_se\/wp-json\/wp\/v2\/product\/9808\/revisions\/9826"}],"wp:featuredmedia":[{"embeddable":true,"href":"https:\/\/knit4u.se\/sv_se\/wp-json\/wp\/v2\/media\/9820"}],"wp:attachment":[{"href":"https:\/\/knit4u.se\/sv_se\/wp-json\/wp\/v2\/media?parent=9808"}],"wp:term":[{"taxonomy":"product_brand","embeddable":true,"href":"https:\/\/knit4u.se\/sv_se\/wp-json\/wp\/v2\/product_brand?post=9808"},{"taxonomy":"product_cat","embeddable":true,"href":"https:\/\/knit4u.se\/sv_se\/wp-json\/wp\/v2\/product_cat?post=9808"},{"taxonomy":"product_tag","embeddable":true,"href":"https:\/\/knit4u.se\/sv_se\/wp-json\/wp\/v2\/product_tag?post=9808"}],"curies":[{"name":"wp","href":"https:\/\/api.w.org\/{rel}","templated":true}]}}