{"id":9928,"date":"2026-04-14T11:09:17","date_gmt":"2026-04-14T10:09:17","guid":{"rendered":"https:\/\/knit4u.se\/?post_type=product&#038;p=9928"},"modified":"2026-04-14T13:20:13","modified_gmt":"2026-04-14T12:20:13","slug":"dixie-troja-boucle-mohairsilke-stickpaket","status":"publish","type":"product","link":"https:\/\/knit4u.se\/sv_se\/product\/dixie-troja-boucle-mohairsilke-stickpaket\/","title":{"rendered":"DIXIE Tr\u00f6ja &#8211; Boucl\u00e9 Mohairsilke &#8211; Stickpaket"},"content":{"rendered":"<ul>\n<li style=\"font-size: 16px;\">Storlek\n<ul>\n<li style=\"font-size: 16px;\">S \/ M ( L \/ XL\u00a0 )<\/li>\n<\/ul>\n<\/li>\n<li style=\"font-size: 16px;\">Garn\n<ul>\n<li><span style=\"font-size: 16px;\"><span style=\"font-size: 16px;\">2 ( 2 )\u00a0 hg <\/span><\/span>Boucl\u00e9 &#8211; Ad\u00e8l\u00e9s Mohair<\/li>\n<li style=\"font-size: 16px;\">2 ( 2.5 )\u00a0 hg Eiffel &#8211; Sesia Tricot<\/li>\n<\/ul>\n<\/li>\n<li>Kvalit\u00e9\n<ul>\n<li>Boucl\u00e9 &#8211; 62 % Kid Mohair\u00a0 24 % Wool 14 % Acrylic &#8211; 50 g \/ 170 m<\/li>\n<li>Eiffel &#8211; 70 % Kid Mohair &amp; 30 % Mulberry Silke &#8211; 25 g \/ 75 m<\/li>\n<\/ul>\n<\/li>\n<li>\u00a0M\u00e5tt\n<ul>\n<li>L\u00e4ngd\u00a0 53 ( 57 ) cm<\/li>\n<li>Bredd 61 ( 65 ) cm<\/li>\n<li>3 \/ 4 \u00e4rm 37 ( 36 ) cm m\u00e4tt fr\u00e5n \u00e4rmh\u00e5l<\/li>\n<\/ul>\n<\/li>\n<li>Utskriven m\u00f6nsterinstruktion<\/li>\n<li>Tillval rundstickor Addi bambu\u00a0 nr 8 &#8211; 40 cm + 80 cm<\/li>\n<\/ul>\n","protected":false},"excerpt":{"rendered":"<p data-start=\"58\" data-end=\"122\"><strong data-start=\"58\" data-end=\"122\">DIXIE Tr\u00f6ja \u2013 sk\u00f6n blandning av mohairboucl\u00e9 och silkemohair<\/strong><\/p>\n<p data-start=\"124\" data-end=\"273\">Dixie \u00e4r en luftig tr\u00f6ja med en n\u00e5got oversized passform, liten krage och slitsar i sidorna och nedhasade axlar. Boucl\u00e9garnet ger plagget en h\u00e4rlig struktur och l\u00e4tthet.<\/p>\n<p data-start=\"275\" data-end=\"545\">Tr\u00f6jan stickas uppifr\u00e5n och ner i r\u00e4tstickning p\u00e5 rundsticka nr 8. Kragen, nederkanten och \u00e4rmarna stickas i ribb med vriden res\u00e5r och avslutas med en I-cordkant, vilket ger en fin stadga.<\/p>\n<p data-start=\"547\" data-end=\"719\">Tr\u00f6jan stickas i ett stycke utan montering. Det \u00e4r en rolig och snabbstickad modell tack vare de gr\u00f6vre stickorna, och dessutom f\u00f6rl\u00e5tande om maskorna inte blir helt j\u00e4mna.<\/p>\n<p data-start=\"721\" data-end=\"764\">Perfekt f\u00f6r sommarens l\u00e5nga, sk\u00f6na kv\u00e4llar.<\/p>\n<p data-start=\"766\" data-end=\"804\"><strong data-start=\"766\" data-end=\"785\">Sv\u00e5righetsgrad:<\/strong> enkel till medel<\/p>\n<p data-start=\"806\" data-end=\"834\"><strong data-start=\"806\" data-end=\"817\">Design:<\/strong> Knit4u of Sweden<\/p>\n","protected":false},"featured_media":9951,"template":"","meta":{"site-sidebar-layout":"default","site-content-layout":"","ast-site-content-layout":"default","site-content-style":"default","site-sidebar-style":"default","ast-global-header-display":"","ast-banner-title-visibility":"","ast-main-header-display":"","ast-hfb-above-header-display":"","ast-hfb-below-header-display":"","ast-hfb-mobile-header-display":"","site-post-title":"","ast-breadcrumbs-content":"","ast-featured-img":"","footer-sml-layout":"","ast-disable-related-posts":"","theme-transparent-header-meta":"default","adv-header-id-meta":"","stick-header-meta":"","header-above-stick-meta":"","header-main-stick-meta":"","header-below-stick-meta":"","astra-migrate-meta-layouts":"set","ast-page-background-enabled":"default","ast-page-background-meta":{"desktop":{"background-color":"var(--ast-global-color-4)","background-image":"","background-repeat":"repeat","background-position":"center center","background-size":"auto","background-attachment":"scroll","background-type":"","background-media":"","overlay-type":"","overlay-color":"","overlay-opacity":"","overlay-gradient":""},"tablet":{"background-color":"","background-image":"","background-repeat":"repeat","background-position":"center center","background-size":"auto","background-attachment":"scroll","background-type":"","background-media":"","overlay-type":"","overlay-color":"","overlay-opacity":"","overlay-gradient":""},"mobile":{"background-color":"","background-image":"","background-repeat":"repeat","background-position":"center center","background-size":"auto","background-attachment":"scroll","background-type":"","background-media":"","overlay-type":"","overlay-color":"","overlay-opacity":"","overlay-gradient":""}},"ast-content-background-meta":{"desktop":{"background-color":"var(--ast-global-color-5)","background-image":"","background-repeat":"repeat","background-position":"center center","background-size":"auto","background-attachment":"scroll","background-type":"","background-media":"","overlay-type":"","overlay-color":"","overlay-opacity":"","overlay-gradient":""},"tablet":{"background-color":"var(--ast-global-color-5)","background-image":"","background-repeat":"repeat","background-position":"center center","background-size":"auto","background-attachment":"scroll","background-type":"","background-media":"","overlay-type":"","overlay-color":"","overlay-opacity":"","overlay-gradient":""},"mobile":{"background-color":"var(--ast-global-color-5)","background-image":"","background-repeat":"repeat","background-position":"center center","background-size":"auto","background-attachment":"scroll","background-type":"","background-media":"","overlay-type":"","overlay-color":"","overlay-opacity":"","overlay-gradient":""}}},"product_brand":[],"product_cat":[56,27],"product_tag":[452,378,371,234,355],"class_list":{"0":"post-9928","1":"product","2":"type-product","3":"status-publish","4":"has-post-thumbnail","6":"product_cat-stickpaket","7":"product_cat-troja","8":"product_tag-adeles-mohair","9":"product_tag-design-knit4u","10":"product_tag-eiffel","11":"product_tag-mohairsilke","12":"product_tag-sesia","13":"desktop-align-left","14":"tablet-align-left","15":"mobile-align-left","17":"first","18":"instock","19":"taxable","20":"shipping-taxable","21":"purchasable","22":"product-type-variable","23":"has-default-attributes"},"_links":{"self":[{"href":"https:\/\/knit4u.se\/sv_se\/wp-json\/wp\/v2\/product\/9928","targetHints":{"allow":["GET"]}}],"collection":[{"href":"https:\/\/knit4u.se\/sv_se\/wp-json\/wp\/v2\/product"}],"about":[{"href":"https:\/\/knit4u.se\/sv_se\/wp-json\/wp\/v2\/types\/product"}],"version-history":[{"count":4,"href":"https:\/\/knit4u.se\/sv_se\/wp-json\/wp\/v2\/product\/9928\/revisions"}],"predecessor-version":[{"id":9954,"href":"https:\/\/knit4u.se\/sv_se\/wp-json\/wp\/v2\/product\/9928\/revisions\/9954"}],"wp:featuredmedia":[{"embeddable":true,"href":"https:\/\/knit4u.se\/sv_se\/wp-json\/wp\/v2\/media\/9951"}],"wp:attachment":[{"href":"https:\/\/knit4u.se\/sv_se\/wp-json\/wp\/v2\/media?parent=9928"}],"wp:term":[{"taxonomy":"product_brand","embeddable":true,"href":"https:\/\/knit4u.se\/sv_se\/wp-json\/wp\/v2\/product_brand?post=9928"},{"taxonomy":"product_cat","embeddable":true,"href":"https:\/\/knit4u.se\/sv_se\/wp-json\/wp\/v2\/product_cat?post=9928"},{"taxonomy":"product_tag","embeddable":true,"href":"https:\/\/knit4u.se\/sv_se\/wp-json\/wp\/v2\/product_tag?post=9928"}],"curies":[{"name":"wp","href":"https:\/\/api.w.org\/{rel}","templated":true}]}}