{"id":9956,"date":"2026-04-14T13:27:55","date_gmt":"2026-04-14T12:27:55","guid":{"rendered":"https:\/\/knit4u.se\/?post_type=product&#038;p=9956"},"modified":"2026-04-22T17:07:27","modified_gmt":"2026-04-22T16:07:27","slug":"lina-topp-lin-bomull-stickpaket","status":"publish","type":"product","link":"https:\/\/knit4u.se\/sv_se\/product\/lina-topp-lin-bomull-stickpaket\/","title":{"rendered":"LINA  Topp &#8211; Lin Bomull  &#8211; Stickpaket"},"content":{"rendered":"<ul>\n<li style=\"font-size: 16px;\">Storlek\n<ul>\n<li style=\"font-size: 16px;\">S\u00a0 ( M ) L<\/li>\n<\/ul>\n<\/li>\n<li style=\"font-size: 16px;\">Garn\n<ul>\n<li>2 ( 2 ) 3 hg Wooladdicts Pride &#8211; LangYarns<\/li>\n<\/ul>\n<\/li>\n<li>Kvalit\u00e9\n<ul>\n<li>Pride &#8211; 40 % Lin 32 % Bomull 28 % Viskos &#8211; 10<span style=\"font-size: 16px;\">0 g \/ 280 m<\/span><\/li>\n<\/ul>\n<\/li>\n<li>M\u00e5tt\n<ul>\n<li>L\u00e4ngd 50 ( 54 )\u00a0 58 cm<\/li>\n<li>Bredd 45 ( 48 )\u00a0 51 cm<\/li>\n<\/ul>\n<\/li>\n<li>Utskriven m\u00f6nsterinstruktion<\/li>\n<li>Tillval rundsticka Addi bambu nr 4 &#8211; 80 cm<\/li>\n<\/ul>\n","protected":false},"excerpt":{"rendered":"<p><strong>Lina \u2013 sommartopp i en linbomulls blandning<\/strong><br \/>\nStickad i en vacker blandning av lin och bomull\u00a0 som \u00e4r svalt och mjukt mot kroppen.\u00a0 Toppen stickas uppifr\u00e5n och ner i ett enda stycke utan s\u00f6mmar, i sl\u00e4tstickning med 1 tr\u00e5d Pride fr\u00e5n Lang Yarns. En stilren 1 x 1 ribbkant nedtill och\u00a0 halsringningen och \u00e4rmh\u00e5len avslutas med en virkad kanten\u00a0 f\u00f6r snygg finish. Du anv\u00e4nder stickor nr 4 f\u00f6r hela toppen.<\/p>\n<p>Lina \u00e4r lika fin till vardags som till fest\u2013\u00a0 blir bara sk\u00f6nare ju mer du anv\u00e4nder den.<\/p>\n<p class=\"p1\">I ett stickpaket ing\u00e5r r\u00e4tt m\u00e4ngd garn samt ett m\u00f6nster som \u00e4r l\u00e4tt att f\u00f6lja. Har du inte redan stickor, kan du v\u00e4lja till stickor till ditt stickpaket.<\/p>\n<p><strong>Design: Knit4u<\/strong><\/p>\n<p class=\"\" data-start=\"1082\" data-end=\"1112\">Paula b\u00e4r toppen Pride Ljusgr\u00f6n &#8211; S.<\/p>\n","protected":false},"featured_media":10078,"template":"","meta":{"site-sidebar-layout":"default","site-content-layout":"","ast-site-content-layout":"default","site-content-style":"default","site-sidebar-style":"default","ast-global-header-display":"","ast-banner-title-visibility":"","ast-main-header-display":"","ast-hfb-above-header-display":"","ast-hfb-below-header-display":"","ast-hfb-mobile-header-display":"","site-post-title":"","ast-breadcrumbs-content":"","ast-featured-img":"","footer-sml-layout":"","ast-disable-related-posts":"","theme-transparent-header-meta":"default","adv-header-id-meta":"","stick-header-meta":"","header-above-stick-meta":"","header-main-stick-meta":"","header-below-stick-meta":"","astra-migrate-meta-layouts":"set","ast-page-background-enabled":"default","ast-page-background-meta":{"desktop":{"background-color":"var(--ast-global-color-4)","background-image":"","background-repeat":"repeat","background-position":"center center","background-size":"auto","background-attachment":"scroll","background-type":"","background-media":"","overlay-type":"","overlay-color":"","overlay-opacity":"","overlay-gradient":""},"tablet":{"background-color":"","background-image":"","background-repeat":"repeat","background-position":"center center","background-size":"auto","background-attachment":"scroll","background-type":"","background-media":"","overlay-type":"","overlay-color":"","overlay-opacity":"","overlay-gradient":""},"mobile":{"background-color":"","background-image":"","background-repeat":"repeat","background-position":"center center","background-size":"auto","background-attachment":"scroll","background-type":"","background-media":"","overlay-type":"","overlay-color":"","overlay-opacity":"","overlay-gradient":""}},"ast-content-background-meta":{"desktop":{"background-color":"var(--ast-global-color-5)","background-image":"","background-repeat":"repeat","background-position":"center center","background-size":"auto","background-attachment":"scroll","background-type":"","background-media":"","overlay-type":"","overlay-color":"","overlay-opacity":"","overlay-gradient":""},"tablet":{"background-color":"var(--ast-global-color-5)","background-image":"","background-repeat":"repeat","background-position":"center center","background-size":"auto","background-attachment":"scroll","background-type":"","background-media":"","overlay-type":"","overlay-color":"","overlay-opacity":"","overlay-gradient":""},"mobile":{"background-color":"var(--ast-global-color-5)","background-image":"","background-repeat":"repeat","background-position":"center center","background-size":"auto","background-attachment":"scroll","background-type":"","background-media":"","overlay-type":"","overlay-color":"","overlay-opacity":"","overlay-gradient":""}}},"product_brand":[],"product_cat":[56,27,61],"product_tag":[53,291,290,406],"class_list":{"0":"post-9956","1":"product","2":"type-product","3":"status-publish","4":"has-post-thumbnail","6":"product_cat-stickpaket","7":"product_cat-troja","8":"product_cat-vast","9":"product_tag-knit4u","10":"product_tag-lin-bomull","11":"product_tag-pride","12":"product_tag-wooladdicts","13":"desktop-align-left","14":"tablet-align-left","15":"mobile-align-left","17":"first","18":"instock","19":"taxable","20":"shipping-taxable","21":"purchasable","22":"product-type-variable","23":"has-default-attributes"},"_links":{"self":[{"href":"https:\/\/knit4u.se\/sv_se\/wp-json\/wp\/v2\/product\/9956","targetHints":{"allow":["GET"]}}],"collection":[{"href":"https:\/\/knit4u.se\/sv_se\/wp-json\/wp\/v2\/product"}],"about":[{"href":"https:\/\/knit4u.se\/sv_se\/wp-json\/wp\/v2\/types\/product"}],"version-history":[{"count":7,"href":"https:\/\/knit4u.se\/sv_se\/wp-json\/wp\/v2\/product\/9956\/revisions"}],"predecessor-version":[{"id":10060,"href":"https:\/\/knit4u.se\/sv_se\/wp-json\/wp\/v2\/product\/9956\/revisions\/10060"}],"wp:featuredmedia":[{"embeddable":true,"href":"https:\/\/knit4u.se\/sv_se\/wp-json\/wp\/v2\/media\/10078"}],"wp:attachment":[{"href":"https:\/\/knit4u.se\/sv_se\/wp-json\/wp\/v2\/media?parent=9956"}],"wp:term":[{"taxonomy":"product_brand","embeddable":true,"href":"https:\/\/knit4u.se\/sv_se\/wp-json\/wp\/v2\/product_brand?post=9956"},{"taxonomy":"product_cat","embeddable":true,"href":"https:\/\/knit4u.se\/sv_se\/wp-json\/wp\/v2\/product_cat?post=9956"},{"taxonomy":"product_tag","embeddable":true,"href":"https:\/\/knit4u.se\/sv_se\/wp-json\/wp\/v2\/product_tag?post=9956"}],"curies":[{"name":"wp","href":"https:\/\/api.w.org\/{rel}","templated":true}]}}